{"id":35132,"date":"2025-12-08T17:07:47","date_gmt":"2025-12-08T17:07:47","guid":{"rendered":"https:\/\/pargift.pl\/index.php\/produkt\/kubek-termiczny-husavik-320-ml-granatowy-2\/"},"modified":"2026-02-10T17:29:45","modified_gmt":"2026-02-10T17:29:45","slug":"kubek-termiczny-husavik-320-ml-granatowy-2","status":"publish","type":"product","link":"https:\/\/pargift.pl\/index.php\/produkt\/kubek-termiczny-husavik-320-ml-granatowy-2\/","title":{"rendered":"Kubek termiczny Husavik 320 ml, granatowy"},"content":{"rendered":"<h2 data-start=\"0\" data-end=\"88\"><strong data-start=\"3\" data-end=\"88\">Kubek termiczny Husavik 320 ml \u2013 granatowy R08480.42 \u2013 kompaktowy kubek izolowany<\/strong><\/h2>\n<p data-start=\"90\" data-end=\"576\">Kubek termiczny <strong data-start=\"106\" data-end=\"127\">Husavik R08480.42<\/strong> to <strong data-start=\"131\" data-end=\"180\">granatowy kubek izolowany o pojemno\u015bci 320 ml<\/strong>, kt\u00f3ry \u0142\u0105czy <strong data-start=\"194\" data-end=\"245\">nowoczesny design z praktyczn\u0105 funkcjonalno\u015bci\u0105<\/strong> \u2014 idealny do codziennego picia kawy, herbaty lub innych napoj\u00f3w w domu, biurze, podczas spacer\u00f3w czy w podr\u00f3\u017cy. Dzi\u0119ki <strong data-start=\"365\" data-end=\"432\">pr\u00f3\u017cniowej izolacji z podw\u00f3jnymi \u015bciankami ze stali nierdzewnej<\/strong> kubek skutecznie utrzymuje temperatur\u0119 napoju przez d\u0142u\u017cszy czas, co pozwala cieszy\u0107 si\u0119 jego w\u0142a\u015bciw\u0105 temperatur\u0105 niezale\u017cnie od okoliczno\u015bci.<\/p>\n<p data-start=\"578\" data-end=\"982\">Produkt wyposa\u017cony jest w <strong data-start=\"604\" data-end=\"625\">szczeln\u0105 pokrywk\u0119<\/strong>, kt\u00f3ra minimalizuje ryzyko rozlania i zwi\u0119ksza komfort u\u017cytkowania \u201ew biegu\u201d. <strong data-start=\"704\" data-end=\"723\">Granatowy kolor<\/strong> nadaje mu estetycznego, uniwersalnego charakteru, kt\u00f3ry \u015bwietnie komponuje si\u0119 z r\u00f3\u017cnymi stylami i sytuacjami. Jego <strong data-start=\"840\" data-end=\"862\">ergonomiczna forma<\/strong> sprawia, \u017ce kubek jest wygodny w trzymaniu i \u0142atwy do przenoszenia, dzi\u0119ki czemu sprawdza si\u0119 w codziennym u\u017cytkowaniu.<\/p>\n<h3 data-start=\"984\" data-end=\"1020\"><strong data-start=\"988\" data-end=\"1020\">Najwa\u017cniejsze cechy produktu<\/strong><\/h3>\n<ul>\n<li data-start=\"1023\" data-end=\"1081\"><strong data-start=\"1023\" data-end=\"1044\">Pojemno\u015b\u0107: 320 ml<\/strong> \u2013 kompaktowa i praktyczna wielko\u015b\u0107<\/li>\n<li data-start=\"1084\" data-end=\"1172\"><strong data-start=\"1084\" data-end=\"1129\">Izolacja pr\u00f3\u017cniowa z podw\u00f3jnymi \u015bciankami<\/strong> \u2013 d\u0142u\u017csze utrzymanie temperatury napoj\u00f3w<\/li>\n<li data-start=\"1175\" data-end=\"1231\"><strong data-start=\"1175\" data-end=\"1195\">Kolor: granatowy<\/strong> \u2013 nowoczesny i uniwersalny wygl\u0105d<\/li>\n<li data-start=\"1234\" data-end=\"1300\"><strong data-start=\"1234\" data-end=\"1255\">Szczelna pokrywka<\/strong> \u2013 zabezpiecza przed przypadkowym rozlaniem<\/li>\n<li data-start=\"1303\" data-end=\"1353\"><strong data-start=\"1303\" data-end=\"1316\">Materia\u0142:<\/strong> stal nierdzewna \u2013 trwa\u0142y i odporny<\/li>\n<li data-start=\"1356\" data-end=\"1405\"><strong data-start=\"1356\" data-end=\"1378\">Ergonomiczna forma<\/strong> \u2013 komfortowe u\u017cytkowanie<\/li>\n<\/ul>\n<h3 data-start=\"1407\" data-end=\"1438\"><strong data-start=\"1411\" data-end=\"1438\">Dlaczego warto go mie\u0107?<\/strong><\/h3>\n<p data-start=\"1439\" data-end=\"1903\">Kubek termiczny Husavik to <strong data-start=\"1466\" data-end=\"1502\">praktyczne i stylowe rozwi\u0105zanie<\/strong>, kt\u00f3re \u015bwietnie sprawdza si\u0119 w codziennym \u017cyciu \u2014 zar\u00f3wno w pracy, podczas spacer\u00f3w, jak i w podr\u00f3\u017cy. Kompaktowa konstrukcja oraz szczelna pokrywka zwi\u0119kszaj\u0105 wygod\u0119 u\u017cytkowania w ruchu, a elegancki granatowy kolor dodaje mu estetyki. Produkt sprawdza si\u0119 tak\u017ce jako <strong data-start=\"1770\" data-end=\"1819\">praktyczny gad\u017cet reklamowy z logotypem firmy<\/strong> lub <strong data-start=\"1824\" data-end=\"1844\">upominek firmowy<\/strong>, kt\u00f3ry u\u017cytkownicy ch\u0119tnie b\u0119d\u0105 wykorzystywa\u0107 na co dzie\u0144.<\/p>\n","protected":false},"excerpt":{"rendered":"<p>Kubek termiczny Husavik R08480.42 to granatowy kubek izolowany o pojemno\u015bci 320 ml z podw\u00f3jnymi \u015bciankami ze stali nierdzewnej i szczeln\u0105 pokrywk\u0105.<\/p>\n<p><strong>Idealny do kawy, herbaty i innych napoj\u00f3w podczas codziennego u\u017cytkowania.<\/strong><\/p>\n<p><strong data-start=\"2165\" data-end=\"2202\">Produkt nadaje si\u0119 do znakowania.<\/strong><\/p>\n","protected":false},"featured_media":35133,"comment_status":"open","ping_status":"closed","template":"","meta":[],"product_brand":[],"product_cat":[97,119],"product_tag":[9771,4399,10077,10337,10215,10339,9770,10217,8881,10216,10071,9936,10340],"class_list":{"0":"post-35132","1":"product","2":"type-product","3":"status-publish","4":"has-post-thumbnail","6":"product_cat-artykuly-swiateczne","7":"product_cat-izotermiczne","8":"product_tag-ergonomiczny-kubek-podrozny","9":"product_tag-gadet-reklamowy-kubek","10":"product_tag-kubek-do-kawy-i-herbaty-termo","11":"product_tag-kubek-izolowany-320-ml","12":"product_tag-kubek-stal-nierdzewna-izolacja","13":"product_tag-kubek-termiczny-husavik-granatowy","14":"product_tag-kubek-termo-do-biura","15":"product_tag-kubek-termo-do-spaceru","16":"product_tag-kubek-z-pokrywka-szczelna","17":"product_tag-nowoczesny-kubek-granatowy","18":"product_tag-personalizowany-kubek-z-logo","19":"product_tag-praktyczny-kubek-codzienny","20":"product_tag-r08480-42-kubek-termiczny","22":"first","23":"instock","24":"shipping-taxable","25":"purchasable","26":"product-type-simple"},"_links":{"self":[{"href":"https:\/\/pargift.pl\/index.php\/wp-json\/wp\/v2\/product\/35132","targetHints":{"allow":["GET"]}}],"collection":[{"href":"https:\/\/pargift.pl\/index.php\/wp-json\/wp\/v2\/product"}],"about":[{"href":"https:\/\/pargift.pl\/index.php\/wp-json\/wp\/v2\/types\/product"}],"replies":[{"embeddable":true,"href":"https:\/\/pargift.pl\/index.php\/wp-json\/wp\/v2\/comments?post=35132"}],"version-history":[{"count":2,"href":"https:\/\/pargift.pl\/index.php\/wp-json\/wp\/v2\/product\/35132\/revisions"}],"predecessor-version":[{"id":39065,"href":"https:\/\/pargift.pl\/index.php\/wp-json\/wp\/v2\/product\/35132\/revisions\/39065"}],"wp:featuredmedia":[{"embeddable":true,"href":"https:\/\/pargift.pl\/index.php\/wp-json\/wp\/v2\/media\/35133"}],"wp:attachment":[{"href":"https:\/\/pargift.pl\/index.php\/wp-json\/wp\/v2\/media?parent=35132"}],"wp:term":[{"taxonomy":"product_brand","embeddable":true,"href":"https:\/\/pargift.pl\/index.php\/wp-json\/wp\/v2\/product_brand?post=35132"},{"taxonomy":"product_cat","embeddable":true,"href":"https:\/\/pargift.pl\/index.php\/wp-json\/wp\/v2\/product_cat?post=35132"},{"taxonomy":"product_tag","embeddable":true,"href":"https:\/\/pargift.pl\/index.php\/wp-json\/wp\/v2\/product_tag?post=35132"}],"curies":[{"name":"wp","href":"https:\/\/api.w.org\/{rel}","templated":true}]}}