{"id":35077,"date":"2025-12-08T17:07:36","date_gmt":"2025-12-08T17:07:36","guid":{"rendered":"https:\/\/pargift.pl\/index.php\/produkt\/zestaw-drewnianych-ozdob-swiatecznych-bezowy\/"},"modified":"2026-01-04T21:38:39","modified_gmt":"2026-01-04T21:38:39","slug":"zestaw-drewnianych-ozdob-swiatecznych-bezowy","status":"publish","type":"product","link":"https:\/\/pargift.pl\/index.php\/produkt\/zestaw-drewnianych-ozdob-swiatecznych-bezowy\/","title":{"rendered":"Zestaw drewnianych ozd\u00f3b \u015bwi\u0105tecznych, be\u017cowy"},"content":{"rendered":"<p>Zestaw 12 drewnianych ozd\u00f3b \u015bwi\u0105tecznych o r\u00f3\u017cnych kszta\u0142tach zapakowanych w bawe\u0142niany woreczek. Ka\u017cda z ozd\u00f3b wyposa\u017cona jest w sznureczek do zawieszenia. Artyku\u0142 sezonowy (nie podlega zwrotowi).<\/p>\n","protected":false},"excerpt":{"rendered":"<p>ozdoby<\/p>\n","protected":false},"featured_media":35078,"comment_status":"open","ping_status":"closed","template":"","meta":[],"product_brand":[],"product_cat":[97],"product_tag":[],"class_list":{"0":"post-35077","1":"product","2":"type-product","3":"status-publish","4":"has-post-thumbnail","6":"product_cat-artykuly-swiateczne","8":"first","9":"instock","10":"shipping-taxable","11":"purchasable","12":"product-type-simple"},"_links":{"self":[{"href":"https:\/\/pargift.pl\/index.php\/wp-json\/wp\/v2\/product\/35077","targetHints":{"allow":["GET"]}}],"collection":[{"href":"https:\/\/pargift.pl\/index.php\/wp-json\/wp\/v2\/product"}],"about":[{"href":"https:\/\/pargift.pl\/index.php\/wp-json\/wp\/v2\/types\/product"}],"replies":[{"embeddable":true,"href":"https:\/\/pargift.pl\/index.php\/wp-json\/wp\/v2\/comments?post=35077"}],"version-history":[{"count":0,"href":"https:\/\/pargift.pl\/index.php\/wp-json\/wp\/v2\/product\/35077\/revisions"}],"wp:featuredmedia":[{"embeddable":true,"href":"https:\/\/pargift.pl\/index.php\/wp-json\/wp\/v2\/media\/35078"}],"wp:attachment":[{"href":"https:\/\/pargift.pl\/index.php\/wp-json\/wp\/v2\/media?parent=35077"}],"wp:term":[{"taxonomy":"product_brand","embeddable":true,"href":"https:\/\/pargift.pl\/index.php\/wp-json\/wp\/v2\/product_brand?post=35077"},{"taxonomy":"product_cat","embeddable":true,"href":"https:\/\/pargift.pl\/index.php\/wp-json\/wp\/v2\/product_cat?post=35077"},{"taxonomy":"product_tag","embeddable":true,"href":"https:\/\/pargift.pl\/index.php\/wp-json\/wp\/v2\/product_tag?post=35077"}],"curies":[{"name":"wp","href":"https:\/\/api.w.org\/{rel}","templated":true}]}}