{"id":34779,"date":"2025-12-08T17:06:11","date_gmt":"2025-12-08T17:06:11","guid":{"rendered":"https:\/\/pargift.pl\/index.php\/produkt\/kubek-termiczny-winnipeg-350-ml-czarny-druga-jakosc\/"},"modified":"2025-12-15T21:23:37","modified_gmt":"2025-12-15T21:23:37","slug":"kubek-termiczny-winnipeg-350-ml-czarny-druga-jakosc","status":"publish","type":"product","link":"https:\/\/pargift.pl\/index.php\/produkt\/kubek-termiczny-winnipeg-350-ml-czarny-druga-jakosc\/","title":{"rendered":"Kubek termiczny Winnipeg 350 ml, czarny &#8211; druga jako\u015b\u0107"},"content":{"rendered":"<p>Szczelny kubek termiczny &#8211; termos o pojemno\u015bci 350 ml. Dwie \u015bcianki ze stali nierdzewnej, wewn\u0105trz stal 18\/8 o podwy\u017cszonej jako\u015bci. Rozkr\u0119cana pokrywka umo\u017cliwiaj\u0105ca jej dok\u0142adne umycie. Szczelne zamkni\u0119cie &#8211; leak proof zapobiega wyciekaniu p\u0142yn\u00f3w. Pr\u00f3\u017cnia mi\u0119dzy \u015bciankami kubka zapewnia parametry termosu. Zamkni\u0119cie typu open\/close. Podstawa kubka z wodoodpornej gumy termoplastycznej TPR. Utrzymuje ciep\u0142o do 12 godzin. Mo\u017cliwo\u015b\u0107 dobrania dodatkowej opaski R00001.<\/p>\n","protected":false},"excerpt":{"rendered":"<p>promo_1524 UV360<\/p>\n","protected":false},"featured_media":34780,"comment_status":"open","ping_status":"closed","template":"","meta":[],"product_brand":[],"product_cat":[119,136,95,144],"product_tag":[],"class_list":{"0":"post-34779","1":"product","2":"type-product","3":"status-publish","4":"has-post-thumbnail","6":"product_cat-izotermiczne","7":"product_cat-leak-proof","8":"product_cat-motoryzacyjne","9":"product_cat-nos-kawe-we-wlasnym-kubku","11":"first","12":"instock","13":"shipping-taxable","14":"purchasable","15":"product-type-simple"},"_links":{"self":[{"href":"https:\/\/pargift.pl\/index.php\/wp-json\/wp\/v2\/product\/34779","targetHints":{"allow":["GET"]}}],"collection":[{"href":"https:\/\/pargift.pl\/index.php\/wp-json\/wp\/v2\/product"}],"about":[{"href":"https:\/\/pargift.pl\/index.php\/wp-json\/wp\/v2\/types\/product"}],"replies":[{"embeddable":true,"href":"https:\/\/pargift.pl\/index.php\/wp-json\/wp\/v2\/comments?post=34779"}],"version-history":[{"count":0,"href":"https:\/\/pargift.pl\/index.php\/wp-json\/wp\/v2\/product\/34779\/revisions"}],"wp:featuredmedia":[{"embeddable":true,"href":"https:\/\/pargift.pl\/index.php\/wp-json\/wp\/v2\/media\/34780"}],"wp:attachment":[{"href":"https:\/\/pargift.pl\/index.php\/wp-json\/wp\/v2\/media?parent=34779"}],"wp:term":[{"taxonomy":"product_brand","embeddable":true,"href":"https:\/\/pargift.pl\/index.php\/wp-json\/wp\/v2\/product_brand?post=34779"},{"taxonomy":"product_cat","embeddable":true,"href":"https:\/\/pargift.pl\/index.php\/wp-json\/wp\/v2\/product_cat?post=34779"},{"taxonomy":"product_tag","embeddable":true,"href":"https:\/\/pargift.pl\/index.php\/wp-json\/wp\/v2\/product_tag?post=34779"}],"curies":[{"name":"wp","href":"https:\/\/api.w.org\/{rel}","templated":true}]}}