{"id":34533,"date":"2025-12-07T20:36:51","date_gmt":"2025-12-07T20:36:51","guid":{"rendered":"https:\/\/pargift.pl\/index.php\/produkt\/wydruk-dtf-mix\/"},"modified":"2026-02-10T17:29:42","modified_gmt":"2026-02-10T17:29:42","slug":"wydruk-dtf-mix","status":"publish","type":"product","link":"https:\/\/pargift.pl\/index.php\/produkt\/wydruk-dtf-mix\/","title":{"rendered":"Wydruk DTF, mix"},"content":{"rendered":"<p>Wydruk DTF (Direct To Film) polega na druku grafiki na specjalnej folii PET, a nast\u0119pnie pokrycia mokrego jeszcze wydruku specjalnym proszkiem, kt\u00f3ry jest jednocze\u015bnie klejem, podk\u0142adem i aktywatorem. Podana cena jest cen\u0105 1 mb na no\u015bniku szeroko\u015bci 580 mm.<\/p>\n","protected":false},"excerpt":{"rendered":"<p>Wydruk DTF (Direct To Film) polega na druku grafiki na specjalnej folii PET, a nast\u0119pnie pokrycia mokrego jeszcze wydruku specjalnym<\/p>\n","protected":false},"featured_media":34534,"comment_status":"open","ping_status":"closed","template":"","meta":[],"product_brand":[],"product_cat":[128],"product_tag":[],"class_list":{"0":"post-34533","1":"product","2":"type-product","3":"status-publish","4":"has-post-thumbnail","6":"product_cat-na-biurko","8":"first","9":"instock","10":"shipping-taxable","11":"purchasable","12":"product-type-simple"},"_links":{"self":[{"href":"https:\/\/pargift.pl\/index.php\/wp-json\/wp\/v2\/product\/34533","targetHints":{"allow":["GET"]}}],"collection":[{"href":"https:\/\/pargift.pl\/index.php\/wp-json\/wp\/v2\/product"}],"about":[{"href":"https:\/\/pargift.pl\/index.php\/wp-json\/wp\/v2\/types\/product"}],"replies":[{"embeddable":true,"href":"https:\/\/pargift.pl\/index.php\/wp-json\/wp\/v2\/comments?post=34533"}],"version-history":[{"count":0,"href":"https:\/\/pargift.pl\/index.php\/wp-json\/wp\/v2\/product\/34533\/revisions"}],"wp:featuredmedia":[{"embeddable":true,"href":"https:\/\/pargift.pl\/index.php\/wp-json\/wp\/v2\/media\/34534"}],"wp:attachment":[{"href":"https:\/\/pargift.pl\/index.php\/wp-json\/wp\/v2\/media?parent=34533"}],"wp:term":[{"taxonomy":"product_brand","embeddable":true,"href":"https:\/\/pargift.pl\/index.php\/wp-json\/wp\/v2\/product_brand?post=34533"},{"taxonomy":"product_cat","embeddable":true,"href":"https:\/\/pargift.pl\/index.php\/wp-json\/wp\/v2\/product_cat?post=34533"},{"taxonomy":"product_tag","embeddable":true,"href":"https:\/\/pargift.pl\/index.php\/wp-json\/wp\/v2\/product_tag?post=34533"}],"curies":[{"name":"wp","href":"https:\/\/api.w.org\/{rel}","templated":true}]}}