{"id":34483,"date":"2025-12-07T20:36:40","date_gmt":"2025-12-07T20:36:40","guid":{"rendered":"https:\/\/pargift.pl\/index.php\/produkt\/macho-zestaw-do-pielegnacji-brazowy\/"},"modified":"2026-02-10T17:29:41","modified_gmt":"2026-02-10T17:29:41","slug":"macho-zestaw-do-pielegnacji-brazowy","status":"publish","type":"product","link":"https:\/\/pargift.pl\/index.php\/produkt\/macho-zestaw-do-pielegnacji-brazowy\/","title":{"rendered":"Macho zestaw do piel\u0119gnacji, br\u0105zowy"},"content":{"rendered":"<div class=\"flex-shrink-0 flex flex-col relative items-end\">\n<div>\n<div class=\"pt-0\">\n<div class=\"gizmo-bot-avatar flex h-8 w-8 items-center justify-center overflow-hidden rounded-full\">\n<div class=\"relative p-1 rounded-sm flex items-center justify-center bg-token-main-surface-primary text-token-text-primary h-8 w-8\"><\/div>\n<\/div>\n<\/div>\n<\/div>\n<\/div>\n<div class=\"group\/conversation-turn relative flex w-full min-w-0 flex-col agent-turn\">\n<div class=\"flex-col gap-1 md:gap-3\">\n<div class=\"flex flex-grow flex-col max-w-full\">\n<div class=\"min-h-[20px] text-message flex w-full flex-col items-end gap-2 whitespace-pre-wrap break-words [.text-message+&amp;]:mt-5 overflow-x-auto\" dir=\"auto\" data-message-author-role=\"assistant\" data-message-id=\"b99e630e-61a1-467b-af57-68e9ac528c2f\">\n<div class=\"flex w-full flex-col gap-1 empty:hidden first:pt-[3px]\">\n<div class=\"markdown prose w-full break-words dark:prose-invert light\">\n<h2>Macho Zestaw do Piel\u0119gnacji Br\u0105zowy \u2013 Kompleksowa Piel\u0119gnacja w Eleganckim Stylu R07975-10<\/h2>\n<p><strong>Macho Zestaw do Piel\u0119gnacji w kolorze br\u0105zowym<\/strong> to doskona\u0142y wyb\u00f3r dla ka\u017cdego m\u0119\u017cczyzny ceni\u0105cego sobie kompleksow\u0105 piel\u0119gnacj\u0119 w eleganckim wydaniu. Ten zestaw \u0142\u0105czy w sobie wysok\u0105 jako\u015b\u0107 wykonania z funkcjonalno\u015bci\u0105, oferuj\u0105c wszystko, co niezb\u0119dne do codziennej piel\u0119gnacji. Eleganckie opakowanie sprawia, \u017ce zestaw ten jest r\u00f3wnie\u017c idealnym pomys\u0142em na prezent.<\/p>\n<h3>Dlaczego warto wybra\u0107 zestaw Macho?<\/h3>\n<p><strong>Kompleksowy zestaw:<\/strong> Wszystko, co potrzebujesz do codziennej piel\u0119gnacji, zgromadzone w jednym eleganckim opakowaniu.<\/p>\n<p><strong>Elegancki design:<\/strong> Br\u0105zowy kolor i staranne wyko\u0144czenie sprawiaj\u0105, \u017ce zestaw prezentuje si\u0119 wyj\u0105tkowo stylowo i luksusowo.<\/p>\n<p><strong>Wysoka jako\u015b\u0107 wykonania:<\/strong> Wszystkie elementy zestawu s\u0105 wykonane z dba\u0142o\u015bci\u0105 o detale, co gwarantuje ich trwa\u0142o\u015b\u0107 i wygod\u0119 u\u017cytkowania.<\/p>\n<h3>Specyfikacja produktu<\/h3>\n<p><strong>Materia\u0142:<\/strong> Sk\u00f3ra ekologiczna, stal nierdzewna<br \/>\n<strong>Kolor:<\/strong> Br\u0105zowy<br \/>\n<strong>Wymiary:<\/strong> 20 x 10 x 5 cm<br \/>\n<strong>Zawarto\u015b\u0107 zestawu:<\/strong> No\u017cyczki, pilnik, c\u0105\u017cki, p\u0119seta, obcinacz do paznokci, szczoteczka do brody, grzebie\u0144<\/p>\n<p><strong>Dodatkowy aspekt:<\/strong> Zestaw jest zamkni\u0119ty w eleganckim etui, kt\u00f3re idealnie nadaje si\u0119 do podr\u00f3\u017cy i przechowywania.<\/p>\n<h3>Zastosowanie<\/h3>\n<ol>\n<li><strong>Codzienna piel\u0119gnacja:<\/strong> Wszystkie niezb\u0119dne narz\u0119dzia do codziennej piel\u0119gnacji w jednym zestawie, zapewniaj\u0105c kompleksow\u0105 opiek\u0119.<\/li>\n<li><strong>Podr\u00f3\u017ce:<\/strong> Kompaktowe etui sprawia, \u017ce zestaw jest idealny do zabrania w podr\u00f3\u017c, zapewniaj\u0105c porz\u0105dek i wygod\u0119.<\/li>\n<li><strong>Prezent:<\/strong> Eleganckie opakowanie i funkcjonalno\u015b\u0107 sprawiaj\u0105, \u017ce zestaw jest doskona\u0142ym pomys\u0142em na prezent dla ka\u017cdego m\u0119\u017cczyzny.<\/li>\n<li><strong>Domowe spa:<\/strong> Zestaw pozwala na komfortow\u0105 piel\u0119gnacj\u0119 w domowym zaciszu, zapewniaj\u0105c narz\u0119dzia na poziomie profesjonalnym.<\/li>\n<li><strong>Personalizacja:<\/strong> Mo\u017cliwo\u015b\u0107 dodania nadruku lub graweru na etui, co czyni zestaw idealnym upominkiem reklamowym.<\/li>\n<\/ol>\n<h3>Kup teraz i ciesz si\u0119 elegancj\u0105 oraz funkcjonalno\u015bci\u0105, jak\u0105 oferuje Macho Zestaw do Piel\u0119gnacji. To idealny wyb\u00f3r dla ka\u017cdego m\u0119\u017cczyzny, kt\u00f3ry ceni sobie styl i kompleksow\u0105 piel\u0119gnacj\u0119.<\/h3>\n<p>Tworzymy wyj\u0105tkowe upominki, na kt\u00f3rych mo\u017cemy umie\u015bci\u0107 dowolny <strong>nadruk<\/strong> lub <strong>grawer<\/strong> z Twoim logo, gwarantuj\u0105c niezapomniane wra\u017cenie i personalizowany prezent, kt\u00f3ry zostanie zapami\u0119tany na d\u0142ugo.<\/p>\n<p>&nbsp;<\/p>\n<\/div>\n<\/div>\n<\/div>\n<\/div>\n<\/div>\n<\/div>\n","protected":false},"excerpt":{"rendered":"<p><strong>Macho Zestaw do Piel\u0119gnacji w kolorze br\u0105zowym to elegancja i funkcjonalno\u015b\u0107 w jednym.<\/strong><br \/>\nIdealny do codziennej piel\u0119gnacji, podr\u00f3\u017cy oraz jako stylowy prezent.<br \/>\nWykonany z wysokiej jako\u015bci materia\u0142\u00f3w, doskonale sprawdzi si\u0119 w ka\u017cdej sytuacji, zapewniaj\u0105c trwa\u0142o\u015b\u0107 i wygod\u0119 u\u017cytkowania.<\/p>\n<p><strong>Produkt nadaje si\u0119 do znakowania.<\/strong><\/p>\n<p>&nbsp;<\/p>\n","protected":false},"featured_media":34484,"comment_status":"open","ping_status":"closed","template":"","meta":[],"product_brand":[],"product_cat":[85,78,158],"product_tag":[2743,331,197,2742,2741,2740,2739,2738,270,2737],"class_list":{"0":"post-34483","1":"product","2":"type-product","3":"status-publish","4":"has-post-thumbnail","6":"product_cat-do-domu","7":"product_cat-do-lazienki","8":"product_cat-spa","9":"product_tag-akcesoria-do-brody","10":"product_tag-brzowy-zestaw","11":"product_tag-elegancki-prezent","12":"product_tag-macho-zestaw","13":"product_tag-mska-pielgnacja","14":"product_tag-mski-grooming","15":"product_tag-mski-styl","16":"product_tag-narzdzia-pielgnacyjne","17":"product_tag-personalizowany-upominek","18":"product_tag-pielgnacja-w-podry","20":"first","21":"instock","22":"shipping-taxable","23":"purchasable","24":"product-type-simple"},"_links":{"self":[{"href":"https:\/\/pargift.pl\/index.php\/wp-json\/wp\/v2\/product\/34483","targetHints":{"allow":["GET"]}}],"collection":[{"href":"https:\/\/pargift.pl\/index.php\/wp-json\/wp\/v2\/product"}],"about":[{"href":"https:\/\/pargift.pl\/index.php\/wp-json\/wp\/v2\/types\/product"}],"replies":[{"embeddable":true,"href":"https:\/\/pargift.pl\/index.php\/wp-json\/wp\/v2\/comments?post=34483"}],"version-history":[{"count":0,"href":"https:\/\/pargift.pl\/index.php\/wp-json\/wp\/v2\/product\/34483\/revisions"}],"wp:featuredmedia":[{"embeddable":true,"href":"https:\/\/pargift.pl\/index.php\/wp-json\/wp\/v2\/media\/34484"}],"wp:attachment":[{"href":"https:\/\/pargift.pl\/index.php\/wp-json\/wp\/v2\/media?parent=34483"}],"wp:term":[{"taxonomy":"product_brand","embeddable":true,"href":"https:\/\/pargift.pl\/index.php\/wp-json\/wp\/v2\/product_brand?post=34483"},{"taxonomy":"product_cat","embeddable":true,"href":"https:\/\/pargift.pl\/index.php\/wp-json\/wp\/v2\/product_cat?post=34483"},{"taxonomy":"product_tag","embeddable":true,"href":"https:\/\/pargift.pl\/index.php\/wp-json\/wp\/v2\/product_tag?post=34483"}],"curies":[{"name":"wp","href":"https:\/\/api.w.org\/{rel}","templated":true}]}}