{"id":34050,"date":"2025-12-07T20:34:46","date_gmt":"2025-12-07T20:34:46","guid":{"rendered":"https:\/\/pargift.pl\/index.php\/produkt\/zestaw-notes-z-dlugopisem-fold-czarny\/"},"modified":"2026-02-10T17:29:39","modified_gmt":"2026-02-10T17:29:39","slug":"zestaw-notes-z-dlugopisem-fold-czarny","status":"publish","type":"product","link":"https:\/\/pargift.pl\/index.php\/produkt\/zestaw-notes-z-dlugopisem-fold-czarny\/","title":{"rendered":"Zestaw notes z d\u0142ugopisem Fold, czarny"},"content":{"rendered":"<h2 data-start=\"0\" data-end=\"91\"><strong data-start=\"3\" data-end=\"91\">Zestaw: notes z d\u0142ugopisem Fold \u2013 czarny R64209.02 \u2013 praktyczny komplet pi\u015bmienniczy<\/strong><\/h2>\n<p data-start=\"93\" data-end=\"521\">Zestaw <strong data-start=\"100\" data-end=\"118\">Fold R64209.02<\/strong> to <strong data-start=\"122\" data-end=\"156\">elegancki komplet pi\u015bmienniczy<\/strong>, kt\u00f3ry \u0142\u0105czy <strong data-start=\"170\" data-end=\"203\">funkcjonalny notes formatu A5<\/strong> z <strong data-start=\"206\" data-end=\"232\">dopasowanym d\u0142ugopisem<\/strong> \u2014 idealny do codziennych notatek, planowania, zapisk\u00f3w w pracy, szkole i podr\u00f3\u017cy. Notes wyr\u00f3\u017cnia si\u0119 <strong data-start=\"334\" data-end=\"352\">solidn\u0105 opraw\u0105<\/strong> i <strong data-start=\"355\" data-end=\"382\">czytelnym uk\u0142adem stron<\/strong>, a d\u0142ugopis zapewnia <strong data-start=\"404\" data-end=\"435\">p\u0142ynne i komfortowe pisanie<\/strong>, co sprawia, \u017ce zestaw sprawdza si\u0119 zar\u00f3wno w zadaniach prywatnych, jak i zawodowych.<\/p>\n<p data-start=\"523\" data-end=\"927\">Czarny kolor zestawu nadaje mu <strong data-start=\"554\" data-end=\"596\">uniwersalnego, profesjonalnego wygl\u0105du<\/strong>, dzi\u0119ki kt\u00f3remu \u015bwietnie pasuje do r\u00f3\u017cnorodnych sytuacji \u2014 od formalnych spotka\u0144 po codzienne planowanie obowi\u0105zk\u00f3w. Dzi\u0119ki sp\u00f3jnej estetyce notes i d\u0142ugopis tworz\u0105 <strong data-start=\"762\" data-end=\"795\">estetyczny, praktyczny zestaw<\/strong>, kt\u00f3ry mo\u017ce by\u0107 tak\u017ce <strong data-start=\"818\" data-end=\"853\">atrakcyjnym gad\u017cetem reklamowym<\/strong> lub <strong data-start=\"858\" data-end=\"880\">prezentem firmowym<\/strong> po personalizacji <strong data-start=\"899\" data-end=\"926\">logotypem lub nadrukiem<\/strong>.<\/p>\n<h3 data-start=\"929\" data-end=\"965\"><strong data-start=\"933\" data-end=\"965\">Najwa\u017cniejsze cechy produktu<\/strong><\/h3>\n<ul>\n<li data-start=\"968\" data-end=\"1033\"><strong data-start=\"968\" data-end=\"1002\">Notes z d\u0142ugopisem w komplecie<\/strong> \u2013 gotowy zestaw pi\u015bmienniczy<\/li>\n<li data-start=\"1036\" data-end=\"1088\"><strong data-start=\"1036\" data-end=\"1053\">Kolor: czarny<\/strong> \u2013 uniwersalny i elegancki wygl\u0105d<\/li>\n<li data-start=\"1091\" data-end=\"1148\"><strong data-start=\"1091\" data-end=\"1111\">Notes formatu A5<\/strong> \u2013 por\u0119czny i wygodny w u\u017cytkowaniu<\/li>\n<li data-start=\"1151\" data-end=\"1206\"><strong data-start=\"1151\" data-end=\"1174\">D\u0142ugopis w zestawie<\/strong> \u2013 p\u0142ynne i komfortowe pisanie<\/li>\n<li data-start=\"1209\" data-end=\"1251\"><strong data-start=\"1209\" data-end=\"1227\">Solidna oprawa<\/strong> \u2013 trwa\u0142o\u015b\u0107 i estetyka<\/li>\n<li data-start=\"1254\" data-end=\"1322\"><strong data-start=\"1254\" data-end=\"1284\">Uniwersalna funkcjonalno\u015b\u0107<\/strong> \u2013 do notatek, planowania i zapisk\u00f3w<\/li>\n<\/ul>\n<h3 data-start=\"1324\" data-end=\"1355\"><strong data-start=\"1328\" data-end=\"1355\">Dlaczego warto go mie\u0107?<\/strong><\/h3>\n<p data-start=\"1356\" data-end=\"1857\">Zestaw Fold to <strong data-start=\"1371\" data-end=\"1407\">praktyczne i stylowe rozwi\u0105zanie<\/strong> dla os\u00f3b, kt\u00f3re ceni\u0105 sobie porz\u0105dek i efektywno\u015b\u0107 w prowadzeniu notatek oraz planowaniu codziennych zada\u0144. Dzi\u0119ki eleganckiemu czarnemu wygl\u0105dowi oraz wygodnemu formatowi notesu zestaw \u015bwietnie sprawdza si\u0119 zar\u00f3wno w biurze, jak i w szkole czy w domu. Jego wszechstronno\u015b\u0107 i estetyka czyni\u0105 go tak\u017ce <strong data-start=\"1709\" data-end=\"1743\">doskona\u0142ym gad\u017cetem reklamowym<\/strong> lub <strong data-start=\"1748\" data-end=\"1770\">prezentem firmowym<\/strong>, kt\u00f3ry po personalizacji logotypem firmy b\u0119dzie cz\u0119sto u\u017cywany i pozytywnie kojarzony.<\/p>\n","protected":false},"excerpt":{"rendered":"<p>Zestaw: notes z d\u0142ugopisem Fold R64209.02 to czarny komplet pi\u015bmienniczy z notesem formatu A5 i dopasowanym d\u0142ugopisem.<\/p>\n<p><strong>Idealny do codziennych notatek, planowania i pracy kreatywnej.<\/strong><\/p>\n<p><strong data-start=\"2079\" data-end=\"2116\">Produkt nadaje si\u0119 do znakowania.<\/strong><\/p>\n","protected":false},"featured_media":34051,"comment_status":"open","ping_status":"closed","template":"","meta":[],"product_brand":[],"product_cat":[122],"product_tag":[10262,10410,1772,4800,10411,10369,10253,10412,10368,10408,10413,10409,10407],"class_list":{"0":"post-34050","1":"product","2":"type-product","3":"status-publish","4":"has-post-thumbnail","6":"product_cat-notesy-notatniki","7":"product_tag-elegancki-notes-czarny","8":"product_tag-gadzet-reklamowy-notes-i-dlugopis","9":"product_tag-notatnik-z-dugopisem","10":"product_tag-notes-a5-z-dugopisem","11":"product_tag-notes-do-pracy-i-szkoly","12":"product_tag-organizer-pismienniczy-a5","13":"product_tag-personalizowany-notes-z-logo","14":"product_tag-praktyczny-zestaw-do-notowania","15":"product_tag-prezent-firmowy-notes","16":"product_tag-r64209-02-zestaw-pismienniczy","17":"product_tag-wysokiej-jakosci-zestaw-pismienniczy","18":"product_tag-zestaw-biurowy-pismienniczy","19":"product_tag-zestaw-notes-z-dlugopisem-fold-czarny","21":"first","22":"instock","23":"shipping-taxable","24":"purchasable","25":"product-type-simple"},"_links":{"self":[{"href":"https:\/\/pargift.pl\/index.php\/wp-json\/wp\/v2\/product\/34050","targetHints":{"allow":["GET"]}}],"collection":[{"href":"https:\/\/pargift.pl\/index.php\/wp-json\/wp\/v2\/product"}],"about":[{"href":"https:\/\/pargift.pl\/index.php\/wp-json\/wp\/v2\/types\/product"}],"replies":[{"embeddable":true,"href":"https:\/\/pargift.pl\/index.php\/wp-json\/wp\/v2\/comments?post=34050"}],"version-history":[{"count":2,"href":"https:\/\/pargift.pl\/index.php\/wp-json\/wp\/v2\/product\/34050\/revisions"}],"predecessor-version":[{"id":39081,"href":"https:\/\/pargift.pl\/index.php\/wp-json\/wp\/v2\/product\/34050\/revisions\/39081"}],"wp:featuredmedia":[{"embeddable":true,"href":"https:\/\/pargift.pl\/index.php\/wp-json\/wp\/v2\/media\/34051"}],"wp:attachment":[{"href":"https:\/\/pargift.pl\/index.php\/wp-json\/wp\/v2\/media?parent=34050"}],"wp:term":[{"taxonomy":"product_brand","embeddable":true,"href":"https:\/\/pargift.pl\/index.php\/wp-json\/wp\/v2\/product_brand?post=34050"},{"taxonomy":"product_cat","embeddable":true,"href":"https:\/\/pargift.pl\/index.php\/wp-json\/wp\/v2\/product_cat?post=34050"},{"taxonomy":"product_tag","embeddable":true,"href":"https:\/\/pargift.pl\/index.php\/wp-json\/wp\/v2\/product_tag?post=34050"}],"curies":[{"name":"wp","href":"https:\/\/api.w.org\/{rel}","templated":true}]}}