{"id":33715,"date":"2025-12-07T20:33:24","date_gmt":"2025-12-07T20:33:24","guid":{"rendered":"https:\/\/pargift.pl\/index.php\/produkt\/swiateczna-swieca-zapachowa-czarny\/"},"modified":"2026-01-04T21:38:29","modified_gmt":"2026-01-04T21:38:29","slug":"swiateczna-swieca-zapachowa-czarny","status":"publish","type":"product","link":"https:\/\/pargift.pl\/index.php\/produkt\/swiateczna-swieca-zapachowa-czarny\/","title":{"rendered":"\u015awi\u0105teczna \u015bwieca zapachowa, czarny"},"content":{"rendered":"<p>Ta wyj\u0105tkowa \u015bwieca w industrialnym stylu b\u0119dzie idealnym dodatkiem do ka\u017cdego wn\u0119trza. Zapach &#8222;Honey Pleasure&#8221; inspirowany miodem i wanili\u0105, wype\u0142ni pomieszczenie delikatnym aromatem. Czas palenia 30 godzin. ARTYKU\u0141 SEZONOWY (nie podlega zwrotowi).<\/p>\n","protected":false},"excerpt":{"rendered":"<p>EOY2021 \u015bwi\u0105teczne bo\u017ce narodzenie \u015bwi\u0119ta prezent prezenty \u015bwieczka \u015bwi\u0119ta \u015bwi\u0105teczny nastr\u00f3j swieczka swieca \u015bwieczka \u015bwi\u0119ta \u015bwi\u0105teczny nastr\u00f3j swieczka swieca R17432 \u015bwiecz<\/p>\n","protected":false},"featured_media":33716,"comment_status":"open","ping_status":"closed","template":"","meta":[],"product_brand":[],"product_cat":[97],"product_tag":[],"class_list":{"0":"post-33715","1":"product","2":"type-product","3":"status-publish","4":"has-post-thumbnail","6":"product_cat-artykuly-swiateczne","8":"first","9":"instock","10":"shipping-taxable","11":"purchasable","12":"product-type-simple"},"_links":{"self":[{"href":"https:\/\/pargift.pl\/index.php\/wp-json\/wp\/v2\/product\/33715","targetHints":{"allow":["GET"]}}],"collection":[{"href":"https:\/\/pargift.pl\/index.php\/wp-json\/wp\/v2\/product"}],"about":[{"href":"https:\/\/pargift.pl\/index.php\/wp-json\/wp\/v2\/types\/product"}],"replies":[{"embeddable":true,"href":"https:\/\/pargift.pl\/index.php\/wp-json\/wp\/v2\/comments?post=33715"}],"version-history":[{"count":0,"href":"https:\/\/pargift.pl\/index.php\/wp-json\/wp\/v2\/product\/33715\/revisions"}],"wp:featuredmedia":[{"embeddable":true,"href":"https:\/\/pargift.pl\/index.php\/wp-json\/wp\/v2\/media\/33716"}],"wp:attachment":[{"href":"https:\/\/pargift.pl\/index.php\/wp-json\/wp\/v2\/media?parent=33715"}],"wp:term":[{"taxonomy":"product_brand","embeddable":true,"href":"https:\/\/pargift.pl\/index.php\/wp-json\/wp\/v2\/product_brand?post=33715"},{"taxonomy":"product_cat","embeddable":true,"href":"https:\/\/pargift.pl\/index.php\/wp-json\/wp\/v2\/product_cat?post=33715"},{"taxonomy":"product_tag","embeddable":true,"href":"https:\/\/pargift.pl\/index.php\/wp-json\/wp\/v2\/product_tag?post=33715"}],"curies":[{"name":"wp","href":"https:\/\/api.w.org\/{rel}","templated":true}]}}