{"id":33398,"date":"2025-12-07T20:31:57","date_gmt":"2025-12-07T20:31:57","guid":{"rendered":"https:\/\/pargift.pl\/index.php\/produkt\/otwieracz-do-butelek-z-magnesem-bezowy-druga-jakosc\/"},"modified":"2026-02-10T17:29:32","modified_gmt":"2026-02-10T17:29:32","slug":"otwieracz-do-butelek-z-magnesem-bezowy-druga-jakosc","status":"publish","type":"product","link":"https:\/\/pargift.pl\/index.php\/produkt\/otwieracz-do-butelek-z-magnesem-bezowy-druga-jakosc\/","title":{"rendered":"Otwieracz do butelek z magnesem, be\u017cowy &#8211; druga jako\u015b\u0107"},"content":{"rendered":"<h2 data-start=\"0\" data-end=\"75\"><strong data-start=\"3\" data-end=\"75\">Otwieracz do butelek z magnesem, be\u017cowy \u2013 druga jako\u015b\u0107 R17549.13.IIQ<\/strong><\/h2>\n<p data-start=\"101\" data-end=\"736\">Be\u017cowy otwieracz do butelek <strong data-start=\"129\" data-end=\"146\">R17549.13.IIQ<\/strong> to praktyczny i kompaktowy gad\u017cet wykonany z naturalnego bambusa z metalowym elementem czyni\u0105cym go solidnym narz\u0119dziem do otwierania kapsli butelek. Wbudowany magnes pozwala <strong data-start=\"322\" data-end=\"372\">przyczepi\u0107 otwieracz do metalowych powierzchni<\/strong> \u2014 np. lod\u00f3wki \u2014 dzi\u0119ki czemu zawsze masz go pod r\u0119k\u0105. Produkt jest oferowany jako <strong data-start=\"455\" data-end=\"471\">druga jako\u015b\u0107<\/strong> \u2013 oznacza to, \u017ce mo\u017ce posiada\u0107 drobne niedoskona\u0142o\u015bci estetyczne, lecz zachowuje pe\u0142n\u0105 funkcjonalno\u015b\u0107. Jego niewielkie wymiary sprawiaj\u0105, \u017ce idealnie sprawdzi si\u0119 w domu, na imprezach oraz jako <strong data-start=\"666\" data-end=\"697\">praktyczny gad\u017cet reklamowy<\/strong>.<\/p>\n<h3 data-start=\"738\" data-end=\"776\"><strong data-start=\"742\" data-end=\"774\">Najwa\u017cniejsze cechy produktu<\/strong><\/h3>\n<ul>\n<li data-start=\"779\" data-end=\"899\">Otwieracz do butelek z <strong data-start=\"802\" data-end=\"814\">magnesem<\/strong> \u2013 mo\u017cna przyczepi\u0107 do metalowych powierzchni<\/li>\n<li data-start=\"902\" data-end=\"1003\">Wykonany z <strong data-start=\"913\" data-end=\"933\">bambusa i metalu<\/strong> \u2013 naturalny wygl\u0105d i trwa\u0142o\u015b\u0107<\/li>\n<li data-start=\"1006\" data-end=\"1089\"><strong data-start=\"1006\" data-end=\"1023\">Kolor: be\u017cowy<\/strong> \u2013 neutralny i uniwersalny<\/li>\n<li data-start=\"1092\" data-end=\"1183\">Wymiary: <strong data-start=\"1101\" data-end=\"1120\">60 \u00d7 60 \u00d7 10 mm<\/strong> \u2013 kompaktowy i wygodny<\/li>\n<li data-start=\"1186\" data-end=\"1317\">Produkt w <strong data-start=\"1196\" data-end=\"1215\">drugiej jako\u015bci<\/strong> \u2013 drobne niedoskona\u0142o\u015bci estetyczne, zachowana funkcjonalno\u015b\u0107<\/li>\n<li data-start=\"1320\" data-end=\"1420\">Opakowanie: <strong data-start=\"1332\" data-end=\"1350\">woreczek\/folia<\/strong> \u2013 prosta forma zabezpieczenia<\/li>\n<\/ul>\n<h3 data-start=\"1422\" data-end=\"1455\"><strong data-start=\"1426\" data-end=\"1453\">Dlaczego warto go mie\u0107?<\/strong><\/h3>\n<p data-start=\"1456\" data-end=\"2002\">Ten bambusowy otwieracz do butelek to po\u0142\u0105czenie funkcjonalno\u015bci z naturaln\u0105 estetyk\u0105, dzi\u0119ki czemu jest praktycznym dodatkiem w ka\u017cdym domu czy kuchni. Magnes umieszczony w obudowie umo\u017cliwia jego wygodne przechowywanie w zasi\u0119gu r\u0119ki \u2014 na przyk\u0142ad na lod\u00f3wce \u2014 co zwi\u0119ksza komfort u\u017cywania. Mimo \u017ce produkt jest w drugiej jako\u015bci, zachowuje podstawowe parametry u\u017cytkowe, co czyni go \u015bwietnym rozwi\u0105zaniem jako <strong data-start=\"1869\" data-end=\"1903\">gadziet reklamowy z Twoim logo<\/strong> lub praktyczny prezent dla klient\u00f3w i partner\u00f3w biznesowych.<\/p>\n<h3 data-start=\"2004\" data-end=\"2037\"><strong data-start=\"2008\" data-end=\"2035\">Specyfikacja techniczna<\/strong><\/h3>\n<ul>\n<li data-start=\"2040\" data-end=\"2104\">Model: <strong data-start=\"2047\" data-end=\"2064\">R17549.13.IIQ<\/strong><\/li>\n<li data-start=\"2107\" data-end=\"2192\">Typ produktu: otwieracz do butelek z magnesem<\/li>\n<li data-start=\"2195\" data-end=\"2268\">Materia\u0142 podstawowy: <strong data-start=\"2216\" data-end=\"2226\">bambus<\/strong><\/li>\n<li data-start=\"2271\" data-end=\"2343\">Materia\u0142y dodatkowe: <strong data-start=\"2292\" data-end=\"2301\">metal<\/strong><\/li>\n<li data-start=\"2346\" data-end=\"2405\">Kolor: <strong data-start=\"2353\" data-end=\"2363\">be\u017cowy<\/strong><\/li>\n<li data-start=\"2408\" data-end=\"2495\">Wymiary (szer.\/wys.\/g\u0142.): <strong data-start=\"2434\" data-end=\"2453\">60 \u00d7 60 \u00d7 10 mm<\/strong><\/li>\n<li data-start=\"2498\" data-end=\"2570\">Opakowanie: <strong data-start=\"2510\" data-end=\"2528\">woreczek\/folia<\/strong><\/li>\n<li data-start=\"2573\" data-end=\"2640\">Kod celny: <strong data-start=\"2584\" data-end=\"2598\">8205510000<\/strong><\/li>\n<\/ul>\n","protected":false},"excerpt":{"rendered":"<p>Be\u017cowy otwieracz do butelek z magnesem R17549.13.IIQ \u2013 wykonany z bambusa i metalu, kompaktowy gad\u017cet z magnesem do przyczepienia na metalowych powierzchniach.<\/p>\n<p><strong>Wymiary 60 \u00d7 60 \u00d7 10 mm, praktyczny jako akcesorium domowe lub eventowe. Wymiary 60 \u00d7 60 \u00d7 10 mm.<\/strong><\/p>\n<p><strong>Produkt nadaje si\u0119 do znakowania.<\/strong><\/p>\n","protected":false},"featured_media":33399,"comment_status":"open","ping_status":"closed","template":"","meta":[],"product_brand":[],"product_cat":[133],"product_tag":[518,10472,10473,10476,10470,10469,10471,10474,404,10477,10475],"class_list":{"0":"post-33398","1":"product","2":"type-product","3":"status-publish","4":"has-post-thumbnail","6":"product_cat-do-kuchni","7":"product_tag-akcesoria-do-napojw","8":"product_tag-gadzet-reklamowy-kuchenny","9":"product_tag-magnes-na-lodowke-otwieracz","10":"product_tag-narzedzie-do-otwierania-butelek","11":"product_tag-otwieracz-bambusowy-r17549-13-iiq","12":"product_tag-otwieracz-do-butelek-z-magnesem","13":"product_tag-otwieracz-do-kapsli-bezowy","14":"product_tag-otwieracz-druga-jakosc","15":"product_tag-praktyczny-upominek","16":"product_tag-sku-r17549-13-iiq","17":"product_tag-upominek-eventowy","19":"first","20":"instock","21":"shipping-taxable","22":"purchasable","23":"product-type-simple"},"_links":{"self":[{"href":"https:\/\/pargift.pl\/index.php\/wp-json\/wp\/v2\/product\/33398","targetHints":{"allow":["GET"]}}],"collection":[{"href":"https:\/\/pargift.pl\/index.php\/wp-json\/wp\/v2\/product"}],"about":[{"href":"https:\/\/pargift.pl\/index.php\/wp-json\/wp\/v2\/types\/product"}],"replies":[{"embeddable":true,"href":"https:\/\/pargift.pl\/index.php\/wp-json\/wp\/v2\/comments?post=33398"}],"version-history":[{"count":2,"href":"https:\/\/pargift.pl\/index.php\/wp-json\/wp\/v2\/product\/33398\/revisions"}],"predecessor-version":[{"id":39090,"href":"https:\/\/pargift.pl\/index.php\/wp-json\/wp\/v2\/product\/33398\/revisions\/39090"}],"wp:featuredmedia":[{"embeddable":true,"href":"https:\/\/pargift.pl\/index.php\/wp-json\/wp\/v2\/media\/33399"}],"wp:attachment":[{"href":"https:\/\/pargift.pl\/index.php\/wp-json\/wp\/v2\/media?parent=33398"}],"wp:term":[{"taxonomy":"product_brand","embeddable":true,"href":"https:\/\/pargift.pl\/index.php\/wp-json\/wp\/v2\/product_brand?post=33398"},{"taxonomy":"product_cat","embeddable":true,"href":"https:\/\/pargift.pl\/index.php\/wp-json\/wp\/v2\/product_cat?post=33398"},{"taxonomy":"product_tag","embeddable":true,"href":"https:\/\/pargift.pl\/index.php\/wp-json\/wp\/v2\/product_tag?post=33398"}],"curies":[{"name":"wp","href":"https:\/\/api.w.org\/{rel}","templated":true}]}}