{"id":33284,"date":"2025-12-07T20:31:26","date_gmt":"2025-12-07T20:31:26","guid":{"rendered":"https:\/\/pargift.pl\/index.php\/produkt\/teczka-konferencyjna-na-zamek-solarino-czarny-2\/"},"modified":"2026-02-10T17:29:34","modified_gmt":"2026-02-10T17:29:34","slug":"teczka-konferencyjna-na-zamek-solarino-czarny-2","status":"publish","type":"product","link":"https:\/\/pargift.pl\/index.php\/produkt\/teczka-konferencyjna-na-zamek-solarino-czarny-2\/","title":{"rendered":"Teczka konferencyjna na zamek Solarino, czarny"},"content":{"rendered":"<h2 data-start=\"0\" data-end=\"63\"><strong data-start=\"3\" data-end=\"63\">Teczka konferencyjna na zamek Solarino, czarny R91714.02<\/strong><\/h2>\n<p data-start=\"89\" data-end=\"1070\">Czarna teczka konferencyjna <strong data-start=\"117\" data-end=\"139\">Solarino R91714.02<\/strong> to praktyczne i eleganckie rozwi\u0105zanie dla profesjonalist\u00f3w oraz os\u00f3b ceni\u0105cych organizacj\u0119 dokument\u00f3w w stylowy spos\u00f3b. Wykonana z wytrzyma\u0142ej <strong data-start=\"284\" data-end=\"296\">ekosk\u00f3ry<\/strong> i zapinana na <strong data-start=\"311\" data-end=\"333\">zamek b\u0142yskawiczny<\/strong>, teczka jest przystosowana do formatu <strong data-start=\"372\" data-end=\"378\">A4<\/strong>, co sprawia, \u017ce pomie\u015bci dokumenty, notatki czy materia\u0142y szkoleniowe. W zestawie znajduje si\u0119 <strong data-start=\"474\" data-end=\"496\">wk\u0142ad papierowy A4<\/strong>, a w konstrukcji znajduj\u0105 si\u0119 <strong data-start=\"527\" data-end=\"557\">przegrody i a\u017c 6 kieszonek<\/strong> dedykowanych r\u00f3\u017cnym akcesoriom biurowym \u2014 od wizyt\u00f3wek po wi\u0119ksze dokumenty. Teczka wyposa\u017cona jest r\u00f3wnie\u017c w <strong data-start=\"668\" data-end=\"690\">uchwyt na d\u0142ugopis<\/strong> oraz praktyczn\u0105 kiesze\u0144 na drobiazgi, a do zestawu do\u0142\u0105czony jest <strong data-start=\"757\" data-end=\"793\">kalkulator zasilany bateri\u0105 AG10<\/strong>, kt\u00f3ry zwi\u0119ksza jej funkcjonalno\u015b\u0107 podczas pracy. Ca\u0142o\u015b\u0107 prezentuje si\u0119 profesjonalnie, dzi\u0119ki czemu produkt doskonale sprawdzi si\u0119 jako <strong data-start=\"931\" data-end=\"1031\">gad\u017cet reklamowy z logo Twojej firmy lub praktyczny prezent dla klient\u00f3w i partner\u00f3w biznesowych<\/strong>.<\/p>\n<h3 data-start=\"1072\" data-end=\"1110\"><strong data-start=\"1076\" data-end=\"1108\">Najwa\u017cniejsze cechy produktu<\/strong><\/h3>\n<ul>\n<li data-start=\"1113\" data-end=\"1219\">Format <strong data-start=\"1120\" data-end=\"1126\">A4<\/strong> \u2014 idealny do dokument\u00f3w i materia\u0142\u00f3w konferencyjnych<\/li>\n<li data-start=\"1222\" data-end=\"1305\"><strong data-start=\"1222\" data-end=\"1234\">Ekosk\u00f3ra<\/strong> \u2014 estetyczny i trwa\u0142y materia\u0142<\/li>\n<li data-start=\"1308\" data-end=\"1414\"><strong data-start=\"1308\" data-end=\"1342\">Zapi\u0119cie na zamek b\u0142yskawiczny<\/strong> \u2014 bezpiecze\u0144stwo przechowywania<\/li>\n<li data-start=\"1417\" data-end=\"1525\"><strong data-start=\"1417\" data-end=\"1445\">6 kieszonek i przegr\u00f3dek<\/strong> \u2014 porz\u0105dek i \u0142atwy dost\u0119p do dokument\u00f3w<\/li>\n<li data-start=\"1528\" data-end=\"1611\"><strong data-start=\"1528\" data-end=\"1550\">Uchwyt na d\u0142ugopis<\/strong> \u2014 praktyczny dodatek<\/li>\n<li data-start=\"1614\" data-end=\"1701\"><strong data-start=\"1614\" data-end=\"1638\">Kiesze\u0144 na drobiazgi<\/strong> i miejsce na wizyt\u00f3wki<\/li>\n<li data-start=\"1704\" data-end=\"1812\"><strong data-start=\"1704\" data-end=\"1733\">Kalkulator z bateri\u0105 AG10<\/strong> \u2014 przydatne narz\u0119dzie w pracy biurowej<\/li>\n<li data-start=\"1815\" data-end=\"1898\">Kolor: <strong data-start=\"1822\" data-end=\"1832\">czarny<\/strong> \u2014 elegancki i uniwersalny<\/li>\n<\/ul>\n<h3 data-start=\"1900\" data-end=\"1933\"><strong data-start=\"1904\" data-end=\"1931\">Dlaczego warto go mie\u0107?<\/strong><\/h3>\n<p data-start=\"1934\" data-end=\"2491\">Teczka konferencyjna Solarino \u0142\u0105czy w sobie funkcjonalno\u015b\u0107 i elegancj\u0119, dzi\u0119ki czemu stanowi \u015bwietne narz\u0119dzie codziennego u\u017cytku w biurze, podczas szkole\u0144 czy spotka\u0144 biznesowych. Przemy\u015blany uk\u0142ad kieszonek i przegr\u00f3dek u\u0142atwia organizacj\u0119 dokument\u00f3w oraz akcesori\u00f3w pi\u015bmienniczych, a elegancka czarna ekosk\u00f3ra podkre\u015bla profesjonalny charakter produktu. Do\u0142\u0105czony kalkulator zwi\u0119ksza u\u017cyteczno\u015b\u0107 teczki, co sprawia, \u017ce to doskona\u0142y gad\u017cet reklamowy lub prezent z logo firmy, kt\u00f3ry klienci b\u0119d\u0105 ch\u0119tnie wykorzystywa\u0107.<\/p>\n<h3 data-start=\"2493\" data-end=\"2526\"><strong data-start=\"2497\" data-end=\"2524\">Specyfikacja techniczna<\/strong><\/h3>\n<ul>\n<li data-start=\"2529\" data-end=\"2591\">Model: <strong data-start=\"2536\" data-end=\"2549\">R91714.02<\/strong><\/li>\n<li data-start=\"2594\" data-end=\"2650\">Format: <strong data-start=\"2602\" data-end=\"2608\">A4<\/strong><\/li>\n<li data-start=\"2653\" data-end=\"2724\">Materia\u0142 g\u0142\u00f3wny: <strong data-start=\"2670\" data-end=\"2682\">ekosk\u00f3ra<\/strong><\/li>\n<li data-start=\"2727\" data-end=\"2812\">Materia\u0142y dodatkowe: metal, papier, plastik<\/li>\n<li data-start=\"2815\" data-end=\"2889\"><strong data-start=\"2815\" data-end=\"2827\">Zapi\u0119cie<\/strong>: zamek b\u0142yskawiczny<\/li>\n<li data-start=\"2892\" data-end=\"2965\">Kieszenie i przegr\u00f3dki: 6 sztuk<\/li>\n<li data-start=\"2968\" data-end=\"3033\">Uchwyt na d\u0142ugopis: tak<\/li>\n<li data-start=\"3036\" data-end=\"3114\">Kalkulator: tak (z bateri\u0105 <strong data-start=\"3063\" data-end=\"3071\">AG10<\/strong>)<\/li>\n<li data-start=\"3117\" data-end=\"3176\">Kolor: <strong data-start=\"3124\" data-end=\"3134\">czarny<\/strong><\/li>\n<li data-start=\"3179\" data-end=\"3268\">Wymiary (szer.\/wys.\/g\u0142.): <strong data-start=\"3205\" data-end=\"3226\">255 \u00d7 340 \u00d7 30 mm<\/strong><\/li>\n<li data-start=\"3271\" data-end=\"3354\">Opakowanie: pude\u0142ko transportowe \/ karton<\/li>\n<li data-start=\"3357\" data-end=\"3424\">Kod celny: <strong data-start=\"3368\" data-end=\"3382\">4202129190<\/strong><\/li>\n<\/ul>\n","protected":false},"excerpt":{"rendered":"<p>Teczka konferencyjna na zamek Solarino czarny R91714.02 \u2014 elegancka teczka A4 z ekosk\u00f3ry z 6 kieszonkami, przegr\u00f3dkami na dokumenty, uchwytem na d\u0142ugopis i kalkulatorem z bateri\u0105 AG10. Wymiary 255 \u00d7 340 \u00d7 30 mm sprawiaj\u0105, \u017ce to praktyczny i profesjonalny gad\u017cet biurowy.<\/p>\n<p><strong>Format A4 z przegr\u00f3dkami.<\/strong><\/p>\n<p><strong>Produkt nadaje si\u0119 do znakowania.<\/strong><\/p>\n","protected":false},"featured_media":33285,"comment_status":"open","ping_status":"closed","template":"","meta":[],"product_brand":[],"product_cat":[108],"product_tag":[10507,10504,10508,10509,10510,10503,10500,10501,10505,10506,10502],"class_list":{"0":"post-33284","1":"product","2":"type-product","3":"status-publish","4":"has-post-thumbnail","6":"product_cat-teczki-konferencyjne","7":"product_tag-gadzet-reklamowy-teczka","8":"product_tag-organizer-konferencyjny-solarino","9":"product_tag-prezent-firmowy-teczka-solarino","10":"product_tag-profesjonalna-teczka-a4","11":"product_tag-sku-r91714-02","12":"product_tag-teczka-biznesowa-ekoskora","13":"product_tag-teczka-konferencyjna-solarino","14":"product_tag-teczka-na-dokumenty-a4","15":"product_tag-teczka-z-kalkulatorem-ag10","16":"product_tag-teczka-z-kieszonkami-na-dokumenty","17":"product_tag-teczka-z-zamkiem-czarna","19":"first","20":"instock","21":"shipping-taxable","22":"purchasable","23":"product-type-simple"},"_links":{"self":[{"href":"https:\/\/pargift.pl\/index.php\/wp-json\/wp\/v2\/product\/33284","targetHints":{"allow":["GET"]}}],"collection":[{"href":"https:\/\/pargift.pl\/index.php\/wp-json\/wp\/v2\/product"}],"about":[{"href":"https:\/\/pargift.pl\/index.php\/wp-json\/wp\/v2\/types\/product"}],"replies":[{"embeddable":true,"href":"https:\/\/pargift.pl\/index.php\/wp-json\/wp\/v2\/comments?post=33284"}],"version-history":[{"count":1,"href":"https:\/\/pargift.pl\/index.php\/wp-json\/wp\/v2\/product\/33284\/revisions"}],"predecessor-version":[{"id":39093,"href":"https:\/\/pargift.pl\/index.php\/wp-json\/wp\/v2\/product\/33284\/revisions\/39093"}],"wp:featuredmedia":[{"embeddable":true,"href":"https:\/\/pargift.pl\/index.php\/wp-json\/wp\/v2\/media\/33285"}],"wp:attachment":[{"href":"https:\/\/pargift.pl\/index.php\/wp-json\/wp\/v2\/media?parent=33284"}],"wp:term":[{"taxonomy":"product_brand","embeddable":true,"href":"https:\/\/pargift.pl\/index.php\/wp-json\/wp\/v2\/product_brand?post=33284"},{"taxonomy":"product_cat","embeddable":true,"href":"https:\/\/pargift.pl\/index.php\/wp-json\/wp\/v2\/product_cat?post=33284"},{"taxonomy":"product_tag","embeddable":true,"href":"https:\/\/pargift.pl\/index.php\/wp-json\/wp\/v2\/product_tag?post=33284"}],"curies":[{"name":"wp","href":"https:\/\/api.w.org\/{rel}","templated":true}]}}