{"id":32627,"date":"2025-12-07T20:28:27","date_gmt":"2025-12-07T20:28:27","guid":{"rendered":"https:\/\/pargift.pl\/index.php\/produkt\/apteczka-turystyczna-basic-czerwony\/"},"modified":"2026-02-10T17:29:29","modified_gmt":"2026-02-10T17:29:29","slug":"apteczka-turystyczna-basic-czerwony","status":"publish","type":"product","link":"https:\/\/pargift.pl\/index.php\/produkt\/apteczka-turystyczna-basic-czerwony\/","title":{"rendered":"Apteczka turystyczna Basic, czerwony"},"content":{"rendered":"<h2 data-start=\"0\" data-end=\"77\"><strong data-start=\"0\" data-end=\"77\">Apteczka turystyczna BASIC R17737\u201108 \u2013 niezb\u0119dnik w podr\u00f3\u017cy i na co dzie\u0144<\/strong><\/h2>\n<p data-start=\"79\" data-end=\"506\">Apteczka turystyczna BASIC R17737\u201108 to kompaktowe i funkcjonalne rozwi\u0105zanie, kt\u00f3re sprawdzi si\u0119 zar\u00f3wno w samochodzie, podczas pieszych w\u0119dr\u00f3wek, jak i w codziennym u\u017cytkowaniu domowym. Zamkni\u0119ta w por\u0119cznym czerwonym etui zapinanym na suwak, mie\u015bci wszystkie podstawowe elementy niezb\u0119dne do udzielenia pierwszej pomocy w nag\u0142ych sytuacjach. Jej intensywny kolor sprawia, \u017ce jest \u0142atwa do odnalezienia, nawet w du\u017cym baga\u017cu.<\/p>\n<p data-start=\"508\" data-end=\"921\">Zestaw zawiera banda\u017c elastyczny, gaz\u0119, plastry, chusteczki dezynfekuj\u0105ce i no\u017cyczki \u2013 wszystko, czego potrzebujesz, by zareagowa\u0107 w sytuacji awaryjnej. Dzi\u0119ki niewielkim rozmiarom apteczka zmie\u015bci si\u0119 w plecaku, schowku samochodowym czy torbie podr\u00f3\u017cnej. Materia\u0142owe etui nadaje si\u0119 do znakowania, co czyni ten produkt doskona\u0142ym gad\u017cetem promocyjnym dla firm z bran\u017cy turystycznej, sportowej czy motoryzacyjnej.<\/p>\n<hr data-start=\"923\" data-end=\"926\" \/>\n<h3 data-start=\"928\" data-end=\"960\"><strong data-start=\"928\" data-end=\"960\">Zalety i cechy wyr\u00f3\u017cniaj\u0105ce:<\/strong><\/h3>\n<ul>\n<li data-start=\"964\" data-end=\"1026\">Zawiera najwa\u017cniejsze akcesoria do udzielenia pierwszej pomocy<\/li>\n<li data-start=\"1029\" data-end=\"1108\">Czerwone etui z zamkiem b\u0142yskawicznym \u2013 dobrze widoczne i \u0142atwe do przenoszenia<\/li>\n<li data-start=\"1111\" data-end=\"1172\">Idealna do samochodu, podr\u00f3\u017cy, szko\u0142y, pracy lub na wycieczki<\/li>\n<li data-start=\"1175\" data-end=\"1230\">Kompaktowy rozmiar \u2013 wygodne przechowywanie i transport<\/li>\n<li data-start=\"1233\" data-end=\"1287\">Mo\u017cliwo\u015b\u0107 personalizacji poprzez nadruk firmowego logo<\/li>\n<li data-start=\"1290\" data-end=\"1343\">Przydatny gad\u017cet promocyjny o praktycznym charakterze<\/li>\n<\/ul>\n<hr data-start=\"1345\" data-end=\"1348\" \/>\n<h3 data-start=\"1350\" data-end=\"1367\"><strong data-start=\"1350\" data-end=\"1367\">Zastosowanie:<\/strong><\/h3>\n<p data-start=\"1369\" data-end=\"1585\">Apteczka BASIC sprawdzi si\u0119 jako niezb\u0119dnik w samochodzie, na biwaku, w plecaku dziecka czy jako zabezpieczenie w firmie. To tak\u017ce \u015bwietny pomys\u0142 na upominek reklamowy z przes\u0142aniem troski o zdrowie i bezpiecze\u0144stwo.<\/p>\n<hr data-start=\"1587\" data-end=\"1590\" \/>\n<h3 data-start=\"1592\" data-end=\"1618\"><strong data-start=\"1592\" data-end=\"1618\">Dlaczego warto wybra\u0107?<\/strong><\/h3>\n<p data-start=\"1620\" data-end=\"1963\">W dobie rosn\u0105cej \u015bwiadomo\u015bci zdrowotnej apteczka turystyczna R17737\u201108 to produkt \u0142\u0105cz\u0105cy praktyczno\u015b\u0107 z trosk\u0105 o bliskich i klient\u00f3w. Jest lekka, por\u0119czna i gotowa do u\u017cycia w ka\u017cdej chwili, a przy tym umo\u017cliwia znakowanie, co pozwala na estetyczne wyeksponowanie logo Twojej marki. Idealna na eventy firmowe, kampanie promocyjne i akcje CSR.<\/p>\n<hr data-start=\"1965\" data-end=\"1968\" \/>\n<h3 data-start=\"1970\" data-end=\"1998\"><strong data-start=\"1970\" data-end=\"1998\">Specyfikacja techniczna:<\/strong><\/h3>\n<ul>\n<li data-start=\"2002\" data-end=\"2031\">Wymiary: 13,5 \u00d7 10 \u00d7 4,5 cm<\/li>\n<li data-start=\"2034\" data-end=\"2056\">Kolor etui: czerwony<\/li>\n<li data-start=\"2059\" data-end=\"2080\">Materia\u0142: poliester<\/li>\n<li data-start=\"2083\" data-end=\"2153\">Zawarto\u015b\u0107: banda\u017c, plastry, gaza, no\u017cyczki, chusteczki dezynfekuj\u0105ce<\/li>\n<li data-start=\"2156\" data-end=\"2188\">Zamkni\u0119cie: zamek b\u0142yskawiczny<\/li>\n<li data-start=\"2191\" data-end=\"2213\">Mo\u017cliwo\u015b\u0107 nadruku: tak<\/li>\n<\/ul>\n<hr data-start=\"2215\" data-end=\"2218\" \/>\n<h3 data-start=\"2220\" data-end=\"2263\"><strong data-start=\"2220\" data-end=\"2263\">Praktyczny gad\u017cet, kt\u00f3ry ratuje zdrowie<\/strong><\/h3>\n<p data-start=\"2265\" data-end=\"2468\" data-is-last-node=\"\" data-is-only-node=\"\">Apteczka BASIC R17737\u201108 to produkt, kt\u00f3ry podkre\u015bla odpowiedzialno\u015b\u0107 i profesjonalizm Twojej marki. Wybierz j\u0105 jako firmowy upominek z nadrukiem i poka\u017c, \u017ce zdrowie i bezpiecze\u0144stwo s\u0105 dla Ciebie wa\u017cne.<\/p>\n","protected":false},"excerpt":{"rendered":"<p data-start=\"0\" data-end=\"226\">R17737\u201108 to podr\u0119czna apteczka turystyczna w czerwonym etui z poliestru, zamykana na zamek b\u0142yskawiczny. W \u015brodku znajduj\u0105 si\u0119 podstawowe elementy pierwszej pomocy \u2013 banda\u017c, plastry, gaza, chusteczki dezynfekuj\u0105ce i no\u017cyczki.<\/p>\n<p data-start=\"228\" data-end=\"340\" data-is-last-node=\"\" data-is-only-node=\"\"><strong>Apteczka R17737\u201108 to praktyczne rozwi\u0105zanie o wymiarach 13,5 \u00d7 10 \u00d7 4,5 cm.<\/strong><\/p>\n<p data-start=\"228\" data-end=\"340\" data-is-last-node=\"\" data-is-only-node=\"\"><strong>Produkt nadaje si\u0119 do znakowania.<\/strong><\/p>\n","protected":false},"featured_media":32628,"comment_status":"open","ping_status":"closed","template":"","meta":[],"product_brand":[],"product_cat":[94,98,95],"product_tag":[4924,4781,4923,4922,4921,4776,1932,4920,4919,4918],"class_list":{"0":"post-32627","1":"product","2":"type-product","3":"status-publish","4":"has-post-thumbnail","6":"product_cat-akcesoria-samochodowe","7":"product_cat-gastronomia","8":"product_cat-motoryzacyjne","9":"product_tag-apteczka-czerwony-poliester","10":"product_tag-apteczka-do-samochodu","11":"product_tag-apteczka-do-znakowania","12":"product_tag-apteczka-kieszonkowa","13":"product_tag-apteczka-pierwszej-pomocy","14":"product_tag-apteczka-reklamowa","15":"product_tag-apteczka-turystyczna","16":"product_tag-apteczka-z-wyposaeniem","17":"product_tag-apteczka-z-zamkiem","18":"product_tag-maa-apteczka-turystyczna","20":"first","21":"instock","22":"shipping-taxable","23":"purchasable","24":"product-type-simple"},"_links":{"self":[{"href":"https:\/\/pargift.pl\/index.php\/wp-json\/wp\/v2\/product\/32627","targetHints":{"allow":["GET"]}}],"collection":[{"href":"https:\/\/pargift.pl\/index.php\/wp-json\/wp\/v2\/product"}],"about":[{"href":"https:\/\/pargift.pl\/index.php\/wp-json\/wp\/v2\/types\/product"}],"replies":[{"embeddable":true,"href":"https:\/\/pargift.pl\/index.php\/wp-json\/wp\/v2\/comments?post=32627"}],"version-history":[{"count":0,"href":"https:\/\/pargift.pl\/index.php\/wp-json\/wp\/v2\/product\/32627\/revisions"}],"wp:featuredmedia":[{"embeddable":true,"href":"https:\/\/pargift.pl\/index.php\/wp-json\/wp\/v2\/media\/32628"}],"wp:attachment":[{"href":"https:\/\/pargift.pl\/index.php\/wp-json\/wp\/v2\/media?parent=32627"}],"wp:term":[{"taxonomy":"product_brand","embeddable":true,"href":"https:\/\/pargift.pl\/index.php\/wp-json\/wp\/v2\/product_brand?post=32627"},{"taxonomy":"product_cat","embeddable":true,"href":"https:\/\/pargift.pl\/index.php\/wp-json\/wp\/v2\/product_cat?post=32627"},{"taxonomy":"product_tag","embeddable":true,"href":"https:\/\/pargift.pl\/index.php\/wp-json\/wp\/v2\/product_tag?post=32627"}],"curies":[{"name":"wp","href":"https:\/\/api.w.org\/{rel}","templated":true}]}}