{"id":32571,"date":"2025-12-07T20:28:17","date_gmt":"2025-12-07T20:28:17","guid":{"rendered":"https:\/\/pargift.pl\/index.php\/produkt\/dlugopis-vizela-w-bambusowym-etui-brazowy-2\/"},"modified":"2026-02-10T17:29:29","modified_gmt":"2026-02-10T17:29:29","slug":"dlugopis-vizela-w-bambusowym-etui-brazowy-2","status":"publish","type":"product","link":"https:\/\/pargift.pl\/index.php\/produkt\/dlugopis-vizela-w-bambusowym-etui-brazowy-2\/","title":{"rendered":"D\u0142ugopis Vizela w bambusowym etui, br\u0105zowy"},"content":{"rendered":"<p>Wytworzony z dba\u0142o\u015bci\u0105 o \u015brodowisko naturalne d\u0142ugopis z litego bambusa i metalu w bambusowym etui. Bambus jest biodegradowalny, a metal mo\u017ce zosta\u0107 poddany recyklingowi. Wk\u0142ad w kolorze niebieskim. Pakowany w upominkowe opakowanie.<\/p>\n<p>d\u0142ugopis S142 x W11 x G11 mm \/ Minimalna wysoko\u015b\u0107 litery przy znakowaniu laserowym to 3 mm<\/p>\n","protected":false},"excerpt":{"rendered":"<p>pi\u015bmienniczy pi\u015bmienny zestaw pi\u015bmienniczy pismienny pismienniczy biuro biurowy do biura gad\u017cety biurowe ekologia ekologiczny ecolifestyle \u015brodowisko ochrona \u015brodowiska forourplanet impreza imprezowy eventowy koncert delegacja podr\u00f3\u017c s\u0142u\u017cbowa wyjazd s\u0142u\u017cbowy wyjazd biznesowy gad\u017cety biznesowe szko\u0142a do szko\u0142y gad\u017cety szkolne gad\u017cety dla uczni\u00f3w uczniowskie naturalny<\/p>\n","protected":false},"featured_media":32572,"comment_status":"open","ping_status":"closed","template":"","meta":[],"product_brand":[],"product_cat":[134,82,162,132,131],"product_tag":[],"class_list":{"0":"post-32571","1":"product","2":"type-product","3":"status-publish","4":"has-post-thumbnail","6":"product_cat-dlugopisy-eko","7":"product_cat-do-recyklingu","8":"product_cat-materialy-naturalne","9":"product_cat-pismiennicze","10":"product_cat-zestawy-pismiennicze","12":"first","13":"instock","14":"shipping-taxable","15":"purchasable","16":"product-type-simple"},"_links":{"self":[{"href":"https:\/\/pargift.pl\/index.php\/wp-json\/wp\/v2\/product\/32571","targetHints":{"allow":["GET"]}}],"collection":[{"href":"https:\/\/pargift.pl\/index.php\/wp-json\/wp\/v2\/product"}],"about":[{"href":"https:\/\/pargift.pl\/index.php\/wp-json\/wp\/v2\/types\/product"}],"replies":[{"embeddable":true,"href":"https:\/\/pargift.pl\/index.php\/wp-json\/wp\/v2\/comments?post=32571"}],"version-history":[{"count":0,"href":"https:\/\/pargift.pl\/index.php\/wp-json\/wp\/v2\/product\/32571\/revisions"}],"wp:featuredmedia":[{"embeddable":true,"href":"https:\/\/pargift.pl\/index.php\/wp-json\/wp\/v2\/media\/32572"}],"wp:attachment":[{"href":"https:\/\/pargift.pl\/index.php\/wp-json\/wp\/v2\/media?parent=32571"}],"wp:term":[{"taxonomy":"product_brand","embeddable":true,"href":"https:\/\/pargift.pl\/index.php\/wp-json\/wp\/v2\/product_brand?post=32571"},{"taxonomy":"product_cat","embeddable":true,"href":"https:\/\/pargift.pl\/index.php\/wp-json\/wp\/v2\/product_cat?post=32571"},{"taxonomy":"product_tag","embeddable":true,"href":"https:\/\/pargift.pl\/index.php\/wp-json\/wp\/v2\/product_tag?post=32571"}],"curies":[{"name":"wp","href":"https:\/\/api.w.org\/{rel}","templated":true}]}}