{"id":32242,"date":"2025-12-07T20:26:56","date_gmt":"2025-12-07T20:26:56","guid":{"rendered":"https:\/\/pargift.pl\/index.php\/produkt\/zestaw-pismienniczy-san-juan-czarny-2\/"},"modified":"2026-02-10T17:29:27","modified_gmt":"2026-02-10T17:29:27","slug":"zestaw-pismienniczy-san-juan-czarny-2","status":"publish","type":"product","link":"https:\/\/pargift.pl\/index.php\/produkt\/zestaw-pismienniczy-san-juan-czarny-2\/","title":{"rendered":"Zestaw pi\u015bmienniczy San Juan, czarny"},"content":{"rendered":"<h2 data-start=\"0\" data-end=\"94\"><strong data-start=\"3\" data-end=\"94\"><span class=\"entity-underline hover:entity-accent inline cursor-pointer align-baseline\"><span class=\"whitespace-normal\">Zestaw pi\u015bmienniczy San Juan, czarny<\/span><\/span> \u2013 elegancki zestaw do pisania w klasycznej czerni<\/strong><\/h2>\n<p data-start=\"96\" data-end=\"686\">Zestaw pi\u015bmienniczy <strong data-start=\"116\" data-end=\"128\">San Juan<\/strong> to stylowy komplet do codziennego pisania i profesjonalnej korespondencji \u2014 sk\u0142ada si\u0119 z <strong data-start=\"218\" data-end=\"260\">metalowego pi\u00f3ra kulkowego i d\u0142ugopisu<\/strong>, z niebieskimi wk\u0142adami, zapakowanych w eleganckie, upominkowe opakowanie. Oba narz\u0119dzia wykonane s\u0105 z trwa\u0142ych materia\u0142\u00f3w, co gwarantuje komfort i pewno\u015b\u0107 u\u017cytkowania podczas codziennych notatek, podpisywania dokument\u00f3w czy prowadzenia dziennika. Klasyczna, czarna kolorystyka podkre\u015bla elegancj\u0119 zestawu, dzi\u0119ki czemu \u015bwietnie sprawdzi si\u0119 jako prezent firmowy, biznesowy lub osobisty.<\/p>\n<h3 data-start=\"688\" data-end=\"720\">Najwa\u017cniejsze cechy produktu<\/h3>\n<ul>\n<li data-start=\"723\" data-end=\"842\">Zestaw pi\u015bmienniczy sk\u0142adaj\u0105cy si\u0119 z <strong data-start=\"760\" data-end=\"802\">metalowego pi\u00f3ra kulkowego i d\u0142ugopisu<\/strong><\/li>\n<li data-start=\"845\" data-end=\"943\">Wk\u0142ady w kolorze <strong data-start=\"862\" data-end=\"876\">niebieskim<\/strong> \u2014 p\u0142ynne i wyra\u017ane pisanie<\/li>\n<li data-start=\"946\" data-end=\"1058\"><strong data-start=\"946\" data-end=\"983\">Eleganckie, upominkowe opakowanie<\/strong> \u2014 gotowe do wr\u0119czenia jako prezent<\/li>\n<li data-start=\"1061\" data-end=\"1156\">Wysokiej jako\u015bci materia\u0142y: <strong data-start=\"1089\" data-end=\"1116\">stal nierdzewna i mied\u017a<\/strong><\/li>\n<li data-start=\"1159\" data-end=\"1251\"><strong data-start=\"1159\" data-end=\"1175\">Czarny kolor<\/strong> \u2014 uniwersalny i ponadczasowy design<\/li>\n<\/ul>\n<h3 data-start=\"1253\" data-end=\"1280\">Dlaczego warto go mie\u0107?<\/h3>\n<p data-start=\"1281\" data-end=\"1706\">Ten zestaw pi\u015bmienniczy to idealna propozycja dla ka\u017cdego, kto ceni sobie elegancj\u0119 i funkcjonalno\u015b\u0107. Stylowe narz\u0119dzia do pisania doskonale sprawdz\u0105 si\u0119 zar\u00f3wno w biurze, jak i podczas spotka\u0144 biznesowych czy w domu, podkre\u015blaj\u0105c profesjonalny charakter odbiorcy. Dzi\u0119ki kompaktowym wymiarom i klasycznemu designowi zestaw stanowi r\u00f3wnie\u017c \u015bwietny pomys\u0142 na prezent lub gad\u017cet reklamowy.<\/p>\n<h3 data-start=\"1708\" data-end=\"1735\">Specyfikacja techniczna<\/h3>\n<ul>\n<li data-start=\"1738\" data-end=\"1798\">Model: <strong data-start=\"1745\" data-end=\"1758\">R01063.02<\/strong><\/li>\n<li data-start=\"1801\" data-end=\"1889\">Zawarto\u015b\u0107: <strong data-start=\"1812\" data-end=\"1849\">metalowe pi\u00f3ro kulkowe i d\u0142ugopis<\/strong><\/li>\n<li data-start=\"1892\" data-end=\"1961\">Kolor wk\u0142adu: <strong data-start=\"1906\" data-end=\"1919\">niebieski<\/strong><\/li>\n<li data-start=\"1964\" data-end=\"2043\">Materia\u0142y: <strong data-start=\"1975\" data-end=\"2001\">stal nierdzewna, mied\u017a<\/strong><\/li>\n<li data-start=\"2046\" data-end=\"2113\">Kolor zestawu: <strong data-start=\"2061\" data-end=\"2071\">czarny<\/strong><\/li>\n<li data-start=\"2116\" data-end=\"2198\">Wymiary opakowania: <strong data-start=\"2136\" data-end=\"2156\">173 \u00d7 65 \u00d7 29 mm<\/strong><\/li>\n<li data-start=\"2201\" data-end=\"2284\">Opakowanie: <strong data-start=\"2213\" data-end=\"2242\">karton\/upominkowe pude\u0142ko<\/strong><\/li>\n<\/ul>\n","protected":false},"excerpt":{"rendered":"<p>Zestaw pi\u015bmienniczy San Juan czarny R01063.02 \u2014 metalowe pi\u00f3ro kulkowe i d\u0142ugopis z niebieskimi wk\u0142adami, pakowane w eleganckie opakowanie, wykonane z wytrzyma\u0142ych materia\u0142\u00f3w. Idealny do codziennego pisania i jako prezent biznesowy.<\/p>\n<p><strong>Zawiera komplet narz\u0119dzi do pisania.<\/strong><\/p>\n<p><strong>Produkt nadaje si\u0119 do znakowania.<\/strong><\/p>\n","protected":false},"featured_media":32243,"comment_status":"open","ping_status":"closed","template":"","meta":[],"product_brand":[],"product_cat":[131],"product_tag":[5041,10575,10581,2874,8382,10576,10579,10580,10582,10577,10578,10574],"class_list":{"0":"post-32242","1":"product","2":"type-product","3":"status-publish","4":"has-post-thumbnail","6":"product_cat-zestawy-pismiennicze","7":"product_tag-czarny-zestaw-pimienniczy","8":"product_tag-dlugopis-i-pioro-san-juan","9":"product_tag-dlugopis-z-piorem-san-juan","10":"product_tag-elegancki-zestaw-pimienniczy","11":"product_tag-gadzet-reklamowy-pismienniczy","12":"product_tag-metalowe-pioro-i-dlugopis","13":"product_tag-narzedzia-do-pisania-czarne","14":"product_tag-pismiennicze-do-biura","15":"product_tag-sku-r01063-02","16":"product_tag-upominkowy-zestaw-do-pisania","17":"product_tag-zestaw-pismienniczy-prezent","18":"product_tag-zestaw-pismienniczy-san-juan","20":"first","21":"instock","22":"shipping-taxable","23":"purchasable","24":"product-type-simple"},"_links":{"self":[{"href":"https:\/\/pargift.pl\/index.php\/wp-json\/wp\/v2\/product\/32242","targetHints":{"allow":["GET"]}}],"collection":[{"href":"https:\/\/pargift.pl\/index.php\/wp-json\/wp\/v2\/product"}],"about":[{"href":"https:\/\/pargift.pl\/index.php\/wp-json\/wp\/v2\/types\/product"}],"replies":[{"embeddable":true,"href":"https:\/\/pargift.pl\/index.php\/wp-json\/wp\/v2\/comments?post=32242"}],"version-history":[{"count":1,"href":"https:\/\/pargift.pl\/index.php\/wp-json\/wp\/v2\/product\/32242\/revisions"}],"predecessor-version":[{"id":39105,"href":"https:\/\/pargift.pl\/index.php\/wp-json\/wp\/v2\/product\/32242\/revisions\/39105"}],"wp:featuredmedia":[{"embeddable":true,"href":"https:\/\/pargift.pl\/index.php\/wp-json\/wp\/v2\/media\/32243"}],"wp:attachment":[{"href":"https:\/\/pargift.pl\/index.php\/wp-json\/wp\/v2\/media?parent=32242"}],"wp:term":[{"taxonomy":"product_brand","embeddable":true,"href":"https:\/\/pargift.pl\/index.php\/wp-json\/wp\/v2\/product_brand?post=32242"},{"taxonomy":"product_cat","embeddable":true,"href":"https:\/\/pargift.pl\/index.php\/wp-json\/wp\/v2\/product_cat?post=32242"},{"taxonomy":"product_tag","embeddable":true,"href":"https:\/\/pargift.pl\/index.php\/wp-json\/wp\/v2\/product_tag?post=32242"}],"curies":[{"name":"wp","href":"https:\/\/api.w.org\/{rel}","templated":true}]}}