{"id":31936,"date":"2025-12-07T20:25:44","date_gmt":"2025-12-07T20:25:44","guid":{"rendered":"https:\/\/pargift.pl\/index.php\/produkt\/zestaw-pismienniczy-curitiba-niebieski\/"},"modified":"2026-02-10T17:29:23","modified_gmt":"2026-02-10T17:29:23","slug":"zestaw-pismienniczy-curitiba-niebieski","status":"publish","type":"product","link":"https:\/\/pargift.pl\/index.php\/produkt\/zestaw-pismienniczy-curitiba-niebieski\/","title":{"rendered":"Zestaw pi\u015bmienniczy Curitiba, niebieski"},"content":{"rendered":"<div class=\"flex-shrink-0 flex flex-col relative items-end\">\n<div>\n<div class=\"pt-0\">\n<div class=\"gizmo-bot-avatar flex h-8 w-8 items-center justify-center overflow-hidden rounded-full\">\n<div class=\"relative p-1 rounded-sm flex items-center justify-center bg-token-main-surface-primary text-token-text-primary h-8 w-8\"><\/div>\n<\/div>\n<\/div>\n<\/div>\n<\/div>\n<div class=\"group\/conversation-turn relative flex w-full min-w-0 flex-col agent-turn\">\n<div class=\"flex-col gap-1 md:gap-3\">\n<div class=\"flex max-w-full flex-col flex-grow\">\n<div class=\"min-h-[20px] text-message flex w-full flex-col items-end gap-2 break-words [.text-message+&amp;]:mt-5 overflow-x-auto whitespace-normal\" dir=\"auto\" data-message-author-role=\"assistant\" data-message-id=\"a54135a4-9774-4ed4-ae63-0a162c321458\">\n<div class=\"flex w-full flex-col gap-1 empty:hidden first:pt-[3px]\">\n<div class=\"markdown prose w-full break-words dark:prose-invert light\">\n<h2><span>Zestaw Pi\u015bmienniczy Curitiba Niebieski \u2013 Elegancja i Funkcjonalno\u015b\u0107 R01071.04<\/span><\/h2>\n<p><strong><span>Zestaw pi\u015bmienniczy Curitiba w kolorze niebieskim<\/span><\/strong><span> do doskona\u0142ego po\u0142\u0105czenia elegancji i, idealnego do codziennego u\u017cytku w domu, na spotkaniach roboczych czy w domu. Zestaw zawiera wysokiej jako\u015bci dokumenty, kt\u00f3re s\u0105 przeznaczone do stosowania przez u\u017cytkownik\u00f3w.<\/span><\/p>\n<h3><span>Dlaczego warto wybra\u0107 Zestaw Pi\u015bmienniczy Curitiba?<\/span><\/h3>\n<p><strong><span>Elegancki design:<\/span><\/strong><span> Niebieski kolor zestawu dodaje mu nowoczesno\u015bci i elegancji, co sprawia, \u017ce \u200b\u200bdoskonale prezentuje si\u0119 na ka\u017cdym biurku.<\/span><\/p>\n<p><strong><span>Wysoka jako\u015b\u0107:<\/span><\/strong><span> Wykonanie z solidnych materia\u0142\u00f3w, zapewnia obci\u0105\u017cenie oraz komfort podczas pisania.<\/span><\/p>\n<p><strong><span>Praktyczne rozwi\u0105zanie:<\/span><\/strong><span> Zestaw zawiera wszystkie niezb\u0119dne elementy, kt\u00f3re umo\u017cliwiaj\u0105 wy\u0142\u0105czenie i efektywn\u0105 prac\u0119.<\/span><\/p>\n<h3><span>Specyfikacja produktu<\/span><\/h3>\n<p><strong><span>Materia\u0142:<\/span><\/strong><span> Metal, plastik <\/span><br \/>\n<strong><span>Kolor:<\/span><\/strong><span> Niebieski <\/span><br \/>\n<strong><span>zawarto\u015b\u0107 zestawu:<\/span><\/strong><span> D\u0142ugopis, pi\u00f3ro kulkowe, o\u0142\u00f3wek, gumka, temper\u00f3wka <\/span><br \/>\n<strong><span>Wymiary opakowa\u0144:<\/span><\/strong><span> 18 x 4 x 2 cm<\/span><\/p>\n<p><strong><span>Zestaw jest funkcjonalny<\/span><\/strong><span> , co czyni go idealnym na prezent.<\/span><\/p>\n<h3><span>Zastosowanie<\/span><\/h3>\n<ol>\n<li><strong><span>Biuro:<\/span><\/strong><span> Niezast\u0105piony do pracy biurowej, zapewnia komfort i styl.<\/span><\/li>\n<li><strong><span>Spotkania biznesowe:<\/span><\/strong><span> elegancki zestaw, kt\u00f3ry wyr\u00f3\u017cnia si\u0119 podczas spotka\u0144 z klientami.<\/span><\/li>\n<li><strong><span>Szko\u0142a:<\/span><\/strong><span> Doskona\u0142a dla student\u00f3w i student\u00f3w, kt\u00f3rzy ceni\u0105 wysok\u0105 jako\u015b\u0107 pisania.<\/span><\/li>\n<li><strong><span>Prezentuj:<\/span><\/strong><span> Idealny pomys\u0142 na prezent dla os\u00f3b ceni\u0105cych elegancj\u0119 i funkcjonalno\u015b\u0107.<\/span><\/li>\n<li><strong><span>Mo\u017cliwo\u015b\u0107 dostosowania:<\/span><\/strong><span> mo\u017cliwo\u015b\u0107 dodania czytnika lub graweru na d\u0142ugopisie, co tworzy zestaw wielofunkcyjny reklamowy.<\/span><\/li>\n<\/ol>\n<h3><span>Kup teraz i ciesz si\u0119 elegancj\u0105 oraz jedzeniem, dost\u0119pnym w ofercie zestawu pi\u015bmienniczego Curitiba. To doskona\u0142y wyb\u00f3r, kt\u00f3ry jest najbardziej dost\u0119pny dla u\u017cytkownik\u00f3w.<\/span><\/h3>\n<p><span>Tworzymy wyj\u0105tkowe upominki, na kt\u00f3rych umieszczany jest dowolny <\/span><strong><span>nadruk<\/span><\/strong><span> lub <\/span><strong><span>grawer<\/span><\/strong><span> z logo, kt\u00f3re stanowi zagro\u017cenie i spersonalizowany prezent, kt\u00f3ry zostanie zapami\u0119tany na d\u0142ugo.<\/span><\/p>\n<p>&nbsp;<\/p>\n<\/div>\n<\/div>\n<\/div>\n<\/div>\n<\/div>\n<\/div>\n","protected":false},"excerpt":{"rendered":"<p><strong>Zestaw Pi\u015bmienniczy Curitiba w kolorze niebieskim do elegancji i funkcjonalno\u015bci w jednym.<\/strong><br \/>\nIdealne do biura, spotka\u0144 biznesowych oraz jako stylowy prezent.<br \/>\nWykonanie z wysokiej jako\u015bci materia\u0142\u00f3w, doskonale sprawdzi\u0142o si\u0119 w ka\u017cdej sytuacji, zapewnia wygod\u0119 u\u017cytkowania.<\/p>\n<p><strong>Produkt nadaje si\u0119 do znakowania.<\/strong><\/p>\n<p>&nbsp;<\/p>\n","protected":false},"featured_media":31937,"comment_status":"open","ping_status":"closed","template":"","meta":[],"product_brand":[],"product_cat":[113,132,75,157,101,131],"product_tag":[340,1691,540,180,177,1329,270,1690,235,1689],"class_list":{"0":"post-31936","1":"product","2":"type-product","3":"status-publish","4":"has-post-thumbnail","6":"product_cat-edukacja-i-administracja","7":"product_cat-pismiennicze","8":"product_cat-sherlock","9":"product_cat-stationery-story","10":"product_cat-touch","11":"product_cat-zestawy-pismiennicze","12":"product_tag-akcesoria-biurowe","13":"product_tag-biurowy-zestaw-pimienniczy","14":"product_tag-elegancki-dugopis","15":"product_tag-grawer","16":"product_tag-nadruk","17":"product_tag-niebieski-zestaw","18":"product_tag-personalizowany-upominek","19":"product_tag-piro-kulkowe","20":"product_tag-prezent","21":"product_tag-r0107104","23":"first","24":"instock","25":"shipping-taxable","26":"purchasable","27":"product-type-simple"},"_links":{"self":[{"href":"https:\/\/pargift.pl\/index.php\/wp-json\/wp\/v2\/product\/31936","targetHints":{"allow":["GET"]}}],"collection":[{"href":"https:\/\/pargift.pl\/index.php\/wp-json\/wp\/v2\/product"}],"about":[{"href":"https:\/\/pargift.pl\/index.php\/wp-json\/wp\/v2\/types\/product"}],"replies":[{"embeddable":true,"href":"https:\/\/pargift.pl\/index.php\/wp-json\/wp\/v2\/comments?post=31936"}],"version-history":[{"count":0,"href":"https:\/\/pargift.pl\/index.php\/wp-json\/wp\/v2\/product\/31936\/revisions"}],"wp:featuredmedia":[{"embeddable":true,"href":"https:\/\/pargift.pl\/index.php\/wp-json\/wp\/v2\/media\/31937"}],"wp:attachment":[{"href":"https:\/\/pargift.pl\/index.php\/wp-json\/wp\/v2\/media?parent=31936"}],"wp:term":[{"taxonomy":"product_brand","embeddable":true,"href":"https:\/\/pargift.pl\/index.php\/wp-json\/wp\/v2\/product_brand?post=31936"},{"taxonomy":"product_cat","embeddable":true,"href":"https:\/\/pargift.pl\/index.php\/wp-json\/wp\/v2\/product_cat?post=31936"},{"taxonomy":"product_tag","embeddable":true,"href":"https:\/\/pargift.pl\/index.php\/wp-json\/wp\/v2\/product_tag?post=31936"}],"curies":[{"name":"wp","href":"https:\/\/api.w.org\/{rel}","templated":true}]}}