{"id":31700,"date":"2025-12-07T20:24:48","date_gmt":"2025-12-07T20:24:48","guid":{"rendered":"https:\/\/pargift.pl\/index.php\/produkt\/kubek-termiczny-secure-400-ml-czarny-druga-jakosc\/"},"modified":"2025-12-15T21:23:49","modified_gmt":"2025-12-15T21:23:49","slug":"kubek-termiczny-secure-400-ml-czarny-druga-jakosc","status":"publish","type":"product","link":"https:\/\/pargift.pl\/index.php\/produkt\/kubek-termiczny-secure-400-ml-czarny-druga-jakosc\/","title":{"rendered":"Kubek termiczny Secure 400 ml, czarny &#8211; druga jako\u015b\u0107"},"content":{"rendered":"<p>Kubek termiczny o pojemno\u015bci 400 ml \u0142\u0105cz\u0105cy najlepsze zalety termosu i kubka. Wygodny w u\u017cyciu, wyposa\u017cony w technologi\u0119 unbolt&#038;press \u2013 podw\u00f3jne zabezpieczenie przed przypadkowym wylaniem napoju. Dwie \u015bcianki ze stali nierdzewnej, wewn\u0105trz stal nierdzewna 18\/8 o podwy\u017cszonej jako\u015bci. Pr\u00f3\u017cnia pomi\u0119dzy \u015bciankami zapewnia bardzo dobre w\u0142a\u015bciwo\u015bci termoizolacyjne. Utrzymuje temperatur\u0119 powy\u017cej 40\u00b0C przez 16 godzin. Podstawa kubka stalowa.<\/p>\n","protected":false},"excerpt":{"rendered":"<p>promo_1524 UV360<\/p>\n","protected":false},"featured_media":31701,"comment_status":"open","ping_status":"closed","template":"","meta":[],"product_brand":[],"product_cat":[159,119,95,160],"product_tag":[],"class_list":{"0":"post-31700","1":"product","2":"type-product","3":"status-publish","4":"has-post-thumbnail","6":"product_cat-badz-samowystarczalny","7":"product_cat-izotermiczne","8":"product_cat-motoryzacyjne","9":"product_cat-mug-story","11":"first","12":"instock","13":"shipping-taxable","14":"purchasable","15":"product-type-simple"},"_links":{"self":[{"href":"https:\/\/pargift.pl\/index.php\/wp-json\/wp\/v2\/product\/31700","targetHints":{"allow":["GET"]}}],"collection":[{"href":"https:\/\/pargift.pl\/index.php\/wp-json\/wp\/v2\/product"}],"about":[{"href":"https:\/\/pargift.pl\/index.php\/wp-json\/wp\/v2\/types\/product"}],"replies":[{"embeddable":true,"href":"https:\/\/pargift.pl\/index.php\/wp-json\/wp\/v2\/comments?post=31700"}],"version-history":[{"count":0,"href":"https:\/\/pargift.pl\/index.php\/wp-json\/wp\/v2\/product\/31700\/revisions"}],"wp:featuredmedia":[{"embeddable":true,"href":"https:\/\/pargift.pl\/index.php\/wp-json\/wp\/v2\/media\/31701"}],"wp:attachment":[{"href":"https:\/\/pargift.pl\/index.php\/wp-json\/wp\/v2\/media?parent=31700"}],"wp:term":[{"taxonomy":"product_brand","embeddable":true,"href":"https:\/\/pargift.pl\/index.php\/wp-json\/wp\/v2\/product_brand?post=31700"},{"taxonomy":"product_cat","embeddable":true,"href":"https:\/\/pargift.pl\/index.php\/wp-json\/wp\/v2\/product_cat?post=31700"},{"taxonomy":"product_tag","embeddable":true,"href":"https:\/\/pargift.pl\/index.php\/wp-json\/wp\/v2\/product_tag?post=31700"}],"curies":[{"name":"wp","href":"https:\/\/api.w.org\/{rel}","templated":true}]}}