{"id":31372,"date":"2025-12-07T20:22:58","date_gmt":"2025-12-07T20:22:58","guid":{"rendered":"https:\/\/pargift.pl\/index.php\/produkt\/maskotka-big-teddy-w-koszulce-z-motywem-swiatecznym-brazowy\/"},"modified":"2026-01-04T21:38:12","modified_gmt":"2026-01-04T21:38:12","slug":"maskotka-big-teddy-w-koszulce-z-motywem-swiatecznym-brazowy","status":"publish","type":"product","link":"https:\/\/pargift.pl\/index.php\/produkt\/maskotka-big-teddy-w-koszulce-z-motywem-swiatecznym-brazowy\/","title":{"rendered":"Maskotka Big Teddy w koszulce z motywem \u015bwi\u0105tecznym, br\u0105zowy"},"content":{"rendered":"<p>Du\u017ca pluszowa maskotka w kszta\u0142cie misia w koszulce z motywem \u015bwi\u0105tecznym.<\/p>\n<p>ARTYKU\u0141 SEZONOWY (nie podlega zwrotowi).<\/p>\n","protected":false},"excerpt":{"rendered":"<p>miko\u0142aj \u015bwi\u0119ta bo\u017ce narodzenie prezenty dzieci \u015bwi\u0105teczny poc choink\u0119 choinka ba\u0142wan 74007 pluszak<\/p>\n","protected":false},"featured_media":31373,"comment_status":"open","ping_status":"closed","template":"","meta":[],"product_brand":[],"product_cat":[97],"product_tag":[],"class_list":{"0":"post-31372","1":"product","2":"type-product","3":"status-publish","4":"has-post-thumbnail","6":"product_cat-artykuly-swiateczne","8":"first","9":"instock","10":"shipping-taxable","11":"purchasable","12":"product-type-simple"},"_links":{"self":[{"href":"https:\/\/pargift.pl\/index.php\/wp-json\/wp\/v2\/product\/31372","targetHints":{"allow":["GET"]}}],"collection":[{"href":"https:\/\/pargift.pl\/index.php\/wp-json\/wp\/v2\/product"}],"about":[{"href":"https:\/\/pargift.pl\/index.php\/wp-json\/wp\/v2\/types\/product"}],"replies":[{"embeddable":true,"href":"https:\/\/pargift.pl\/index.php\/wp-json\/wp\/v2\/comments?post=31372"}],"version-history":[{"count":0,"href":"https:\/\/pargift.pl\/index.php\/wp-json\/wp\/v2\/product\/31372\/revisions"}],"wp:featuredmedia":[{"embeddable":true,"href":"https:\/\/pargift.pl\/index.php\/wp-json\/wp\/v2\/media\/31373"}],"wp:attachment":[{"href":"https:\/\/pargift.pl\/index.php\/wp-json\/wp\/v2\/media?parent=31372"}],"wp:term":[{"taxonomy":"product_brand","embeddable":true,"href":"https:\/\/pargift.pl\/index.php\/wp-json\/wp\/v2\/product_brand?post=31372"},{"taxonomy":"product_cat","embeddable":true,"href":"https:\/\/pargift.pl\/index.php\/wp-json\/wp\/v2\/product_cat?post=31372"},{"taxonomy":"product_tag","embeddable":true,"href":"https:\/\/pargift.pl\/index.php\/wp-json\/wp\/v2\/product_tag?post=31372"}],"curies":[{"name":"wp","href":"https:\/\/api.w.org\/{rel}","templated":true}]}}