{"id":30850,"date":"2025-12-07T20:20:43","date_gmt":"2025-12-07T20:20:43","guid":{"rendered":"https:\/\/pargift.pl\/index.php\/produkt\/dlugopis-ze-wskaznikiem-laserowym-supreme-4-w-1-czarny-2\/"},"modified":"2026-02-10T17:29:15","modified_gmt":"2026-02-10T17:29:15","slug":"dlugopis-ze-wskaznikiem-laserowym-supreme-4-w-1-czarny-2","status":"publish","type":"product","link":"https:\/\/pargift.pl\/index.php\/produkt\/dlugopis-ze-wskaznikiem-laserowym-supreme-4-w-1-czarny-2\/","title":{"rendered":"D\u0142ugopis ze wska\u017anikiem laserowym Supreme \u2013 4 w 1, czarny"},"content":{"rendered":"<p>D\u0142ugopis ze wska\u017anikiem laserowym, latark\u0105 LED oraz ko\u0144c\u00f3wk\u0105 przystosowan\u0105 do obs\u0142ugiwania ekran\u00f3w dotykowych. Do\u0142\u0105czone baterie 3 x LR41. Pakowany w srebrne aluminiowe opakowanie upominkowe.<\/p>\n<p>wska\u017anik S125 x W10 x G10 mm<\/p>\n","protected":false},"excerpt":{"rendered":"<p>maj3 pi\u015bmienniczy pi\u015bmienny zestaw pi\u015bmienniczy pismienny pismienniczy nadruk UV nadruk full color UV full color nadrukuv biuro biurowy do biura gad\u017cety biurowe impreza imprezowy eventowy koncert delegacja podr\u00f3\u017c s\u0142u\u017cbowa wyjazd s\u0142u\u017cbowy wyjazd biznesowy gad\u017cety biznesowe o\u015bwietlenie \u015bwiat\u0142o \u015bwieci\u0107 \u015bwiec\u0105cy jasno\u015b\u0107 o\u015bwiecenie os\u0142onecznienie \u015bwiat\u0142o s\u0142oneczne \u015bwiate\u0142ko<\/p>\n","protected":false},"featured_media":30851,"comment_status":"open","ping_status":"closed","template":"","meta":[],"product_brand":[],"product_cat":[100,150,132,131],"product_tag":[],"class_list":{"0":"post-30850","1":"product","2":"type-product","3":"status-publish","4":"has-post-thumbnail","6":"product_cat-dlugopisy-metalowe","7":"product_cat-nie-dotykaj-nic-reka","8":"product_cat-pismiennicze","9":"product_cat-zestawy-pismiennicze","11":"first","12":"instock","13":"shipping-taxable","14":"purchasable","15":"product-type-simple"},"_links":{"self":[{"href":"https:\/\/pargift.pl\/index.php\/wp-json\/wp\/v2\/product\/30850","targetHints":{"allow":["GET"]}}],"collection":[{"href":"https:\/\/pargift.pl\/index.php\/wp-json\/wp\/v2\/product"}],"about":[{"href":"https:\/\/pargift.pl\/index.php\/wp-json\/wp\/v2\/types\/product"}],"replies":[{"embeddable":true,"href":"https:\/\/pargift.pl\/index.php\/wp-json\/wp\/v2\/comments?post=30850"}],"version-history":[{"count":0,"href":"https:\/\/pargift.pl\/index.php\/wp-json\/wp\/v2\/product\/30850\/revisions"}],"wp:featuredmedia":[{"embeddable":true,"href":"https:\/\/pargift.pl\/index.php\/wp-json\/wp\/v2\/media\/30851"}],"wp:attachment":[{"href":"https:\/\/pargift.pl\/index.php\/wp-json\/wp\/v2\/media?parent=30850"}],"wp:term":[{"taxonomy":"product_brand","embeddable":true,"href":"https:\/\/pargift.pl\/index.php\/wp-json\/wp\/v2\/product_brand?post=30850"},{"taxonomy":"product_cat","embeddable":true,"href":"https:\/\/pargift.pl\/index.php\/wp-json\/wp\/v2\/product_cat?post=30850"},{"taxonomy":"product_tag","embeddable":true,"href":"https:\/\/pargift.pl\/index.php\/wp-json\/wp\/v2\/product_tag?post=30850"}],"curies":[{"name":"wp","href":"https:\/\/api.w.org\/{rel}","templated":true}]}}