{"id":30392,"date":"2025-12-07T20:18:42","date_gmt":"2025-12-07T20:18:42","guid":{"rendered":"https:\/\/pargift.pl\/index.php\/produkt\/kubek-termiczny-viki-390-ml-czarny-bialy-2\/"},"modified":"2026-02-10T17:29:11","modified_gmt":"2026-02-10T17:29:11","slug":"kubek-termiczny-viki-390-ml-czarny-bialy-2","status":"publish","type":"product","link":"https:\/\/pargift.pl\/index.php\/produkt\/kubek-termiczny-viki-390-ml-czarny-bialy-2\/","title":{"rendered":"Kubek termiczny Viki 390 ml, czarny\/bia\u0142y"},"content":{"rendered":"<h2 data-start=\"0\" data-end=\"60\">Kubek termiczny Viki 390 ml, czarny\/bia\u0142y R08336.02<\/h2>\n<p data-start=\"61\" data-end=\"847\">Kubek termiczny <strong data-start=\"77\" data-end=\"85\">Viki<\/strong> o pojemno\u015bci <strong data-start=\"99\" data-end=\"109\">390 ml<\/strong> w modnym po\u0142\u0105czeniu czerni i bieli to praktyczny i stylowy kubek podr\u00f3\u017cny, idealny do gor\u0105cych i zimnych napoj\u00f3w \u2014 od kawy rano po ch\u0142odn\u0105 herbat\u0119 w ci\u0105gu dnia. Produkt wykonany jest z dw\u00f3ch \u015bcianek ze <strong data-start=\"312\" data-end=\"333\">stali nierdzewnej<\/strong>, zewn\u0119trzna pokryta lakierem, a wewn\u0119trzna wykonana ze stali 18\/8 o podwy\u017cszonej jako\u015bci, co zapewnia trwa\u0142o\u015b\u0107 i neutralno\u015b\u0107 smaku napoj\u00f3w. Podstawa kubka wykonana jest z wodoodpornej gumy termoplastycznej TPR, co poprawia stabilno\u015b\u0107 i komfort u\u017cytkowania. Kubek wyposa\u017cony jest w <strong data-start=\"615\" data-end=\"646\">zamkni\u0119cie typu flip-up sip<\/strong>, kt\u00f3re u\u0142atwia picie w podr\u00f3\u017cy, a konstrukcja utrzymuje temperatur\u0119 napoj\u00f3w do ok. 7 godzin, co sprawia, \u017ce sprawdzi si\u0119 zar\u00f3wno w biurze, jak i podczas wyjazd\u00f3w.<\/p>\n<h3 data-start=\"849\" data-end=\"885\"><strong data-start=\"853\" data-end=\"885\">Najwa\u017cniejsze cechy produktu<\/strong><\/h3>\n<ul>\n<li data-start=\"888\" data-end=\"1017\">Izotermiczny kubek o pojemno\u015bci <strong data-start=\"920\" data-end=\"930\">390 ml<\/strong> \u2013 idealny do kawy, herbaty lub napoj\u00f3w zimnych<\/li>\n<li data-start=\"1020\" data-end=\"1137\"><strong data-start=\"1020\" data-end=\"1066\">Podw\u00f3jne \u015bcianki ze stali nierdzewnej 18\/8<\/strong> \u2013 trwa\u0142o\u015b\u0107 i neutralno\u015b\u0107 smaku<\/li>\n<li data-start=\"1140\" data-end=\"1248\"><strong data-start=\"1140\" data-end=\"1171\">Zamkni\u0119cie typu flip-up sip<\/strong> \u2013 wygodne otwieranie i picie w ruchu<\/li>\n<li data-start=\"1251\" data-end=\"1351\">Podstawa z gumy termoplastycznej TPR \u2013 zwi\u0119kszona stabilno\u015b\u0107<\/li>\n<li data-start=\"1354\" data-end=\"1460\">Kolor dominuj\u0105cy: <strong data-start=\"1372\" data-end=\"1388\">czarny\/bia\u0142y<\/strong> \u2013 nowoczesny i elegancki wygl\u0105d<\/li>\n<\/ul>\n<h3 data-start=\"1462\" data-end=\"1493\"><strong data-start=\"1466\" data-end=\"1493\">Dlaczego warto go mie\u0107?<\/strong><\/h3>\n<p data-start=\"1494\" data-end=\"2014\">Kubek termiczny Viki 390 ml to doskona\u0142y towarzysz codziennych podr\u00f3\u017cy, pracy czy spacer\u00f3w \u2014 jego termoizolacyjna konstrukcja utrzymuje temperatur\u0119 ulubionego napoju nawet do 7 godzin, co zwi\u0119ksza komfort u\u017cytkowania. Dzi\u0119ki kompaktowym rozmiarom i praktycznemu zamkni\u0119ciu jest wygodny w u\u017cyciu zar\u00f3wno w domu, jak i w drodze. Estetyczne po\u0142\u0105czenie czerni i bieli sprawia, \u017ce kubek pasuje do r\u00f3\u017cnych styl\u00f3w \u017cycia i dobrze prezentuje si\u0119 jako praktyczny gad\u017cet reklamowy lub prezent.<\/p>\n<h3 data-start=\"2016\" data-end=\"2047\"><strong data-start=\"2020\" data-end=\"2047\">Specyfikacja techniczna<\/strong><\/h3>\n<ul>\n<li data-start=\"2050\" data-end=\"2110\">Model: <strong data-start=\"2057\" data-end=\"2070\">R08336.02<\/strong><\/li>\n<li data-start=\"2113\" data-end=\"2174\">Pojemno\u015b\u0107: <strong data-start=\"2124\" data-end=\"2134\">390 ml<\/strong><\/li>\n<li data-start=\"2177\" data-end=\"2251\">Materia\u0142: <strong data-start=\"2187\" data-end=\"2211\">stal nierdzewna 18\/8<\/strong><\/li>\n<li data-start=\"2254\" data-end=\"2329\">Konstrukcja: <strong data-start=\"2267\" data-end=\"2287\">podw\u00f3jne \u015bcianki<\/strong><\/li>\n<li data-start=\"2332\" data-end=\"2401\">Zamkni\u0119cie: <strong data-start=\"2344\" data-end=\"2359\">flip-up sip<\/strong><\/li>\n<li data-start=\"2404\" data-end=\"2468\">Podstawa: <strong data-start=\"2414\" data-end=\"2426\">guma TPR<\/strong><\/li>\n<li data-start=\"2471\" data-end=\"2536\">Kolor: <strong data-start=\"2478\" data-end=\"2494\">czarny\/bia\u0142y<\/strong><\/li>\n<li data-start=\"2539\" data-end=\"2631\">Wymiary (szer.\/wys.\/g\u0142.): ok. <strong data-start=\"2569\" data-end=\"2589\">75 \u00d7 198 \u00d7 75 mm<\/strong><\/li>\n<li data-start=\"2634\" data-end=\"2719\">Opakowanie: <strong data-start=\"2646\" data-end=\"2677\">pude\u0142ko transportowe\/karton<\/strong><\/li>\n<\/ul>\n","protected":false},"excerpt":{"rendered":"<p>Kubek termiczny Viki 390 ml czarny\/bia\u0142y R08336.02 \u2014 praktyczny kubek z izolacj\u0105 termiczn\u0105 ze stali nierdzewnej 18\/8, z zamkni\u0119ciem typu flip-up sip i gumow\u0105 podstaw\u0105, utrzymuj\u0105cy temperatur\u0119 napoj\u00f3w do ok. 7 godzin. Wymiary ok. 75 \u00d7 198 \u00d7 75 mm, kolor czarny\/bia\u0142y, idealny do codziennych podr\u00f3\u017cy i pracy.<\/p>\n<p><strong>Pojemno\u015b\u0107 390 ml i podw\u00f3jne \u015bcianki ze stali nierdzewnej.<\/strong><\/p>\n<p><strong>Produkt nadaje si\u0119 do znakowania.<\/strong><\/p>\n","protected":false},"featured_media":30393,"comment_status":"open","ping_status":"closed","template":"","meta":[],"product_brand":[],"product_cat":[119],"product_tag":[10683,10680,10681,10682,10676,10677,10675,4301,9773,10684,10679,10678],"class_list":{"0":"post-30392","1":"product","2":"type-product","3":"status-publish","4":"has-post-thumbnail","6":"product_cat-izotermiczne","7":"product_tag-czarny-bialy-kubek-termiczny","8":"product_tag-flip-up-sip-kubek-termiczny","9":"product_tag-gadzet-reklamowy-kubek-viki","10":"product_tag-izolowany-kubek-do-biura","11":"product_tag-kubek-izotermiczny-viki","12":"product_tag-kubek-podrozny-390-ml","13":"product_tag-kubek-termiczny-viki-390-ml-czarny-bialy","14":"product_tag-nowoczesny-kubek-termiczny","15":"product_tag-praktyczny-kubek-na-napoje","16":"product_tag-sku-r08336-02","17":"product_tag-stal-nierdzewna-kubek-termiczny","18":"product_tag-termos-do-kawy-viki","20":"first","21":"instock","22":"shipping-taxable","23":"purchasable","24":"product-type-simple"},"_links":{"self":[{"href":"https:\/\/pargift.pl\/index.php\/wp-json\/wp\/v2\/product\/30392","targetHints":{"allow":["GET"]}}],"collection":[{"href":"https:\/\/pargift.pl\/index.php\/wp-json\/wp\/v2\/product"}],"about":[{"href":"https:\/\/pargift.pl\/index.php\/wp-json\/wp\/v2\/types\/product"}],"replies":[{"embeddable":true,"href":"https:\/\/pargift.pl\/index.php\/wp-json\/wp\/v2\/comments?post=30392"}],"version-history":[{"count":1,"href":"https:\/\/pargift.pl\/index.php\/wp-json\/wp\/v2\/product\/30392\/revisions"}],"predecessor-version":[{"id":39119,"href":"https:\/\/pargift.pl\/index.php\/wp-json\/wp\/v2\/product\/30392\/revisions\/39119"}],"wp:featuredmedia":[{"embeddable":true,"href":"https:\/\/pargift.pl\/index.php\/wp-json\/wp\/v2\/media\/30393"}],"wp:attachment":[{"href":"https:\/\/pargift.pl\/index.php\/wp-json\/wp\/v2\/media?parent=30392"}],"wp:term":[{"taxonomy":"product_brand","embeddable":true,"href":"https:\/\/pargift.pl\/index.php\/wp-json\/wp\/v2\/product_brand?post=30392"},{"taxonomy":"product_cat","embeddable":true,"href":"https:\/\/pargift.pl\/index.php\/wp-json\/wp\/v2\/product_cat?post=30392"},{"taxonomy":"product_tag","embeddable":true,"href":"https:\/\/pargift.pl\/index.php\/wp-json\/wp\/v2\/product_tag?post=30392"}],"curies":[{"name":"wp","href":"https:\/\/api.w.org\/{rel}","templated":true}]}}