{"id":30031,"date":"2025-12-07T19:47:41","date_gmt":"2025-12-07T19:47:41","guid":{"rendered":"https:\/\/pargift.pl\/index.php\/produkt\/kubek-termiczny-ottawa-450-ml-bialy\/"},"modified":"2026-02-10T17:29:08","modified_gmt":"2026-02-10T17:29:08","slug":"kubek-termiczny-ottawa-450-ml-bialy","status":"publish","type":"product","link":"https:\/\/pargift.pl\/index.php\/produkt\/kubek-termiczny-ottawa-450-ml-bialy\/","title":{"rendered":"Kubek termiczny Ottawa 450 ml, bia\u0142y"},"content":{"rendered":"<div class=\"flex-shrink-0 flex flex-col relative items-end\">\n<div>\n<div class=\"pt-0\">\n<div class=\"gizmo-bot-avatar flex h-8 w-8 items-center justify-center overflow-hidden rounded-full\">\n<div class=\"relative p-1 rounded-sm flex items-center justify-center bg-token-main-surface-primary text-token-text-primary h-8 w-8\"><\/div>\n<\/div>\n<\/div>\n<\/div>\n<\/div>\n<div class=\"group\/conversation-turn relative flex w-full min-w-0 flex-col agent-turn\">\n<div class=\"flex-col gap-1 md:gap-3\">\n<div class=\"flex flex-grow flex-col max-w-full\">\n<div class=\"min-h-[20px] text-message flex w-full flex-col items-end gap-2 whitespace-pre-wrap break-words [.text-message+&amp;]:mt-5 overflow-x-auto\" dir=\"auto\" data-message-author-role=\"assistant\" data-message-id=\"d04dff92-d004-466d-af7b-dd586ab62e81\">\n<div class=\"flex w-full flex-col gap-1 empty:hidden first:pt-[3px]\">\n<div class=\"markdown prose w-full break-words dark:prose-invert light\">\n<h2>Kubek Izotermiczny Ottawa 450 ml Bia\u0142y \u2013 Utrzymaj Temperatur\u0119 na D\u0142u\u017cej R08398-06<\/h2>\n<p><strong>Kubek izotermiczny Ottawa o pojemno\u015bci 450 ml w kolorze bia\u0142ym<\/strong> to elegancki i funkcjonalny towarzysz na co dzie\u0144, idealny do pracy, podr\u00f3\u017cy czy podczas aktywno\u015bci na \u015bwie\u017cym powietrzu. Dzi\u0119ki zastosowaniu wysokiej jako\u015bci materia\u0142\u00f3w, kubek Ottawa pozwala na d\u0142u\u017csze utrzymanie temperatury napoj\u00f3w, zar\u00f3wno gor\u0105cych, jak i zimnych.<\/p>\n<h3>Dlaczego warto wybra\u0107 kubek izotermiczny Ottawa?<\/h3>\n<p><strong>Doskona\u0142a izolacja:<\/strong> Kubek Ottawa wyposa\u017cony jest w podw\u00f3jne \u015bcianki, kt\u00f3re skutecznie utrzymuj\u0105 temperatur\u0119 napoj\u00f3w przez d\u0142u\u017cszy czas. To idealne rozwi\u0105zanie dla os\u00f3b, kt\u00f3re ceni\u0105 sobie ciep\u0142\u0105 kaw\u0119 czy herbat\u0119 przez ca\u0142y dzie\u0144, jak i dla tych, kt\u00f3rzy preferuj\u0105 zimne napoje.<\/p>\n<p><strong>Stylowy design:<\/strong> Bia\u0142y kolor oraz nowoczesny design kubka sprawiaj\u0105, \u017ce jest on nie tylko funkcjonalny, ale tak\u017ce estetyczny. Jego minimalistyczny wygl\u0105d doskonale komponuje si\u0119 z ka\u017cd\u0105 stylizacj\u0105, niezale\u017cnie od okazji.<\/p>\n<p><strong>Wygoda u\u017cytkowania:<\/strong> Kubek posiada wygodne wieczko typu leak-proof, kt\u00f3re zabezpiecza przed przypadkowym wylaniem napoju. Ergonomiczny kszta\u0142t sprawia, \u017ce kubek doskonale le\u017cy w d\u0142oni, a jego pojemno\u015b\u0107 450 ml jest idealna na codzienne potrzeby.<\/p>\n<h3>Specyfikacja produktu<\/h3>\n<p><strong>Materia\u0142:<\/strong> Stal nierdzewna, tworzywo sztuczne wolne od BPA<br \/>\n<strong>Kolor:<\/strong> Bia\u0142y<br \/>\n<strong>Pojemno\u015b\u0107:<\/strong> 450 ml<br \/>\n<strong>Wymiary:<\/strong> Wysoko\u015b\u0107 21 cm, \u015brednica 7,5 cm<br \/>\n<strong>Waga:<\/strong> 300 g<\/p>\n<p><strong>Zawarto\u015b\u0107 zestawu:<\/strong> Kubek izotermiczny Ottawa, wieczko typu leak-proof<\/p>\n<h3>Zastosowanie<\/h3>\n<ol>\n<li><strong>Codzienne u\u017cytkowanie:<\/strong> Idealny do pracy, na uczelni\u0119 czy w podr\u00f3\u017cy, pozwala cieszy\u0107 si\u0119 ulubionym napojem o odpowiedniej temperaturze przez d\u0142u\u017cszy czas.<\/li>\n<li><strong>Podr\u00f3\u017ce i outdoor:<\/strong> Doskona\u0142y towarzysz podczas wycieczek, piknik\u00f3w czy innych aktywno\u015bci na \u015bwie\u017cym powietrzu, zapewniaj\u0105c komfort i wygod\u0119.<\/li>\n<li><strong>Prezent:<\/strong> Praktyczny i stylowy prezent dla os\u00f3b ceni\u0105cych funkcjonalno\u015b\u0107 oraz nowoczesne wzornictwo.<\/li>\n<li><strong>Sport i rekreacja:<\/strong> Niezast\u0105piony podczas trening\u00f3w i aktywno\u015bci fizycznej, umo\u017cliwia zachowanie odpowiedniej temperatury napoj\u00f3w.<\/li>\n<li><strong>Ekologiczna alternatywa:<\/strong> Kubek wielokrotnego u\u017cytku to \u015bwietny spos\u00f3b na ograniczenie zu\u017cycia jednorazowych kubk\u00f3w, dbaj\u0105c o \u015brodowisko.<\/li>\n<\/ol>\n<h3>Kup teraz i ciesz si\u0119 wygod\u0105 oraz stylem, jaki oferuje kubek izotermiczny Ottawa. Spraw, by Tw\u00f3j nap\u00f3j zawsze mia\u0142 idealn\u0105 temperatur\u0119, niezale\u017cnie od miejsca.<\/h3>\n<p>Tworzymy wyj\u0105tkowe upominki, na kt\u00f3rych mo\u017cemy umie\u015bci\u0107 dowolny <strong>nadruk<\/strong> lub <strong>grawer<\/strong> z Twoim logo, gwarantuj\u0105c niezapomniane wra\u017cenie i personalizowany prezent, kt\u00f3ry zostanie zapami\u0119tany na d\u0142ugo.<\/p>\n<p>&nbsp;<\/p>\n<\/div>\n<\/div>\n<\/div>\n<\/div>\n<\/div>\n<\/div>\n","protected":false},"excerpt":{"rendered":"<p><strong>Wyj\u0105tkowy kubek izotermiczny Ottawa o pojemno\u015bci 450 ml w kolorze bia\u0142ym to funkcjonalno\u015b\u0107 i styl w jednym.<\/strong><br \/>\nIdealny do codziennego u\u017cytku, na prezent oraz jako praktyczny dodatek do ka\u017cdej stylizacji.<br \/>\nWykonany z wysokiej jako\u015bci materia\u0142\u00f3w, doskonale sprawdzi si\u0119 w ka\u017cdej sytuacji, zapewniaj\u0105c komfort i elegancj\u0119.<\/p>\n<p><strong>Produkt nadaje si\u0119 do znakowania.<\/strong><\/p>\n<p>&nbsp;<\/p>\n","protected":false},"featured_media":30032,"comment_status":"open","ping_status":"closed","template":"","meta":[],"product_brand":[],"product_cat":[136],"product_tag":[517,182,286,180,511,189,177,217,949,948],"class_list":{"0":"post-30031","1":"product","2":"type-product","3":"status-publish","4":"has-post-thumbnail","6":"product_cat-leak-proof","7":"product_tag-biay-kubek","8":"product_tag-codzienne-uycie","9":"product_tag-ergonomiczny-design","10":"product_tag-grawer","11":"product_tag-izolacja-termiczna","12":"product_tag-kubek-izotermiczny","13":"product_tag-nadruk","14":"product_tag-nowoczesne-akcesoria","15":"product_tag-ottawa","16":"product_tag-r08398-06","18":"first","19":"instock","20":"shipping-taxable","21":"purchasable","22":"product-type-simple"},"_links":{"self":[{"href":"https:\/\/pargift.pl\/index.php\/wp-json\/wp\/v2\/product\/30031","targetHints":{"allow":["GET"]}}],"collection":[{"href":"https:\/\/pargift.pl\/index.php\/wp-json\/wp\/v2\/product"}],"about":[{"href":"https:\/\/pargift.pl\/index.php\/wp-json\/wp\/v2\/types\/product"}],"replies":[{"embeddable":true,"href":"https:\/\/pargift.pl\/index.php\/wp-json\/wp\/v2\/comments?post=30031"}],"version-history":[{"count":0,"href":"https:\/\/pargift.pl\/index.php\/wp-json\/wp\/v2\/product\/30031\/revisions"}],"wp:featuredmedia":[{"embeddable":true,"href":"https:\/\/pargift.pl\/index.php\/wp-json\/wp\/v2\/media\/30032"}],"wp:attachment":[{"href":"https:\/\/pargift.pl\/index.php\/wp-json\/wp\/v2\/media?parent=30031"}],"wp:term":[{"taxonomy":"product_brand","embeddable":true,"href":"https:\/\/pargift.pl\/index.php\/wp-json\/wp\/v2\/product_brand?post=30031"},{"taxonomy":"product_cat","embeddable":true,"href":"https:\/\/pargift.pl\/index.php\/wp-json\/wp\/v2\/product_cat?post=30031"},{"taxonomy":"product_tag","embeddable":true,"href":"https:\/\/pargift.pl\/index.php\/wp-json\/wp\/v2\/product_tag?post=30031"}],"curies":[{"name":"wp","href":"https:\/\/api.w.org\/{rel}","templated":true}]}}