{"id":29966,"date":"2025-12-07T19:47:30","date_gmt":"2025-12-07T19:47:30","guid":{"rendered":"https:\/\/pargift.pl\/index.php\/produkt\/dlugopis-mixy-bialy-brazowy\/"},"modified":"2026-02-10T17:29:07","modified_gmt":"2026-02-10T17:29:07","slug":"dlugopis-mixy-bialy-brazowy","status":"publish","type":"product","link":"https:\/\/pargift.pl\/index.php\/produkt\/dlugopis-mixy-bialy-brazowy\/","title":{"rendered":"D\u0142ugopis Mixy, bia\u0142y\/br\u0105zowy"},"content":{"rendered":"<h2 data-start=\"0\" data-end=\"49\"><strong data-start=\"3\" data-end=\"49\">D\u0142ugopis Mixy, bia\u0142y\/br\u0105zowy R73387.06<\/strong><\/h2>\n<p data-start=\"51\" data-end=\"657\">D\u0142ugopis <strong data-start=\"60\" data-end=\"68\">Mixy<\/strong> w wersji <strong data-start=\"78\" data-end=\"95\">bia\u0142y\/br\u0105zowy<\/strong> to lekki i praktyczny produkt pi\u015bmienniczy wykonany z <strong data-start=\"150\" data-end=\"174\">kartonu z recyklingu<\/strong>, kt\u00f3ry \u0142\u0105czy w sobie funkcjonalno\u015b\u0107 z ekologicznym podej\u015bciem do materia\u0142\u00f3w. Uniwersalna forma sprawdza si\u0119 zar\u00f3wno w codziennych zadaniach \u2014 notowaniu, podpisywaniu dokument\u00f3w czy pracy w biurze \u2014 jak i jako praktyczny <strong data-start=\"395\" data-end=\"439\">gad\u017cet reklamowy z opcj\u0105 znakowania logo<\/strong>. Wk\u0142ad d\u0142ugopisu pisze kolorem <strong data-start=\"471\" data-end=\"485\">niebieskim<\/strong>, co zapewnia wyra\u017any i p\u0142ynny zapis w r\u00f3\u017cnych sytuacjach.<\/p>\n<h3 data-start=\"659\" data-end=\"695\"><strong data-start=\"663\" data-end=\"695\">Najwa\u017cniejsze cechy produktu<\/strong><\/h3>\n<ul>\n<li data-start=\"698\" data-end=\"779\">D\u0142ugopis wykonany z <strong data-start=\"718\" data-end=\"742\">kartonu z recyklingu<\/strong> \u2014 ekologiczne i lekkie rozwi\u0105zanie<\/li>\n<li data-start=\"782\" data-end=\"830\"><strong data-start=\"782\" data-end=\"801\">Niebieski wk\u0142ad<\/strong> \u2014 p\u0142ynne i wyra\u017ane pisanie<\/li>\n<li data-start=\"833\" data-end=\"906\">Kolorystyka korpusu: <strong data-start=\"854\" data-end=\"871\">bia\u0142y\/br\u0105zowy<\/strong> \u2014 nowoczesny, uniwersalny design<\/li>\n<li data-start=\"909\" data-end=\"976\">Materia\u0142y dodatkowe: <strong data-start=\"930\" data-end=\"941\">plastik<\/strong> \u2014 trwa\u0142o\u015b\u0107 i komfort u\u017cytkowania<\/li>\n<li data-start=\"979\" data-end=\"1056\">Wymiary: <strong data-start=\"988\" data-end=\"1008\">139 \u00d7 10 \u00d7 10 mm<\/strong> \u2014 por\u0119czny i wygodny w codziennym u\u017cytkowaniu<\/li>\n<\/ul>\n<h3 data-start=\"1058\" data-end=\"1089\"><strong data-start=\"1062\" data-end=\"1089\">Dlaczego warto go mie\u0107?<\/strong><\/h3>\n<p data-start=\"1090\" data-end=\"1590\">D\u0142ugopis Mixy \u0142\u0105czy prostot\u0119 z funkcjonalno\u015bci\u0105 \u2014 idealnie sprawdzi si\u0119 jako narz\u0119dzie do codziennych notatek, pracy biurowej lub w domu. Wykorzystanie materia\u0142\u00f3w z recyklingu podkre\u015bla jego ekologiczny charakter, co czyni go atrakcyjnym wyborem zar\u00f3wno dla firm, jak i os\u00f3b indywidualnych dbaj\u0105cych o \u015brodowisko. Uniwersalna kolorystyka i kompaktowe wymiary sprawiaj\u0105, \u017ce d\u0142ugopis z \u0142atwo\u015bci\u0105 mo\u017cna mie\u0107 zawsze pod r\u0119k\u0105, a mo\u017cliwo\u015b\u0107 znakowania daje potencja\u0142 jako <strong data-start=\"1555\" data-end=\"1587\">praktyczny gad\u017cet promocyjny<\/strong>.<\/p>\n<h3 data-start=\"1592\" data-end=\"1623\"><strong data-start=\"1596\" data-end=\"1623\">Specyfikacja techniczna<\/strong><\/h3>\n<ul>\n<li data-start=\"1626\" data-end=\"1648\">Model: <strong data-start=\"1633\" data-end=\"1646\">R73387.06<\/strong><\/li>\n<li data-start=\"1651\" data-end=\"1697\">Materia\u0142 podstawowy: <strong data-start=\"1672\" data-end=\"1695\">karton z recyklingu<\/strong><\/li>\n<li data-start=\"1700\" data-end=\"1734\">Materia\u0142y dodatkowe: <strong data-start=\"1721\" data-end=\"1732\">plastik<\/strong><\/li>\n<li data-start=\"1737\" data-end=\"1766\">Kolor wk\u0142adu: <strong data-start=\"1751\" data-end=\"1764\">niebieski<\/strong><\/li>\n<li data-start=\"1769\" data-end=\"1803\">Kolor korpusu: <strong data-start=\"1784\" data-end=\"1801\">bia\u0142y\/br\u0105zowy<\/strong><\/li>\n<li data-start=\"1806\" data-end=\"1854\">Wymiary (szer.\/wys.\/g\u0142.): <strong data-start=\"1832\" data-end=\"1852\">139 \u00d7 10 \u00d7 10 mm<\/strong><\/li>\n<li data-start=\"1857\" data-end=\"1899\">Opakowanie: standardowe (woreczek\/folia)<\/li>\n<\/ul>\n","protected":false},"excerpt":{"rendered":"<p>D\u0142ugopis Mixy bia\u0142y\/br\u0105zowy R73387.06 \u2014 ekologiczny d\u0142ugopis z kartonu z recyklingu z niebieskim wk\u0142adem do codziennych notatek i podpis\u00f3w. Kolorystyka bia\u0142y\/br\u0105zowy podkre\u015bla uniwersalny charakter i nowoczesny design. Wk\u0142ad pisze na niebiesko i zapewnia p\u0142ynny zapis.<\/p>\n<p><strong>Produkt ma niebieski wk\u0142ad.<\/strong><\/p>\n<p><strong>Produkt nadaje si\u0119 do znakowania.<\/strong><\/p>\n","protected":false},"featured_media":29967,"comment_status":"open","ping_status":"closed","template":"","meta":[],"product_brand":[],"product_cat":[134],"product_tag":[10750,10753,3356,3502,10746,10755,10754,10749,9906,10747,10756],"class_list":{"0":"post-29966","1":"product","2":"type-product","3":"status-publish","4":"has-post-thumbnail","6":"product_cat-dlugopisy-eko","7":"product_tag-dlugopis-do-notatek","8":"product_tag-dlugopis-mixy-bialy-brazowy","9":"product_tag-dugopis-z-niebieskim-wkadem","10":"product_tag-dugopis-z-recyklingu","11":"product_tag-ekologiczny-dlugopis-z-kartonu","12":"product_tag-ekologiczny-gadzet-reklamowy","13":"product_tag-mixy-pen-bialy-brazowy","14":"product_tag-narzedzie-pismiennicze-ekologiczne","15":"product_tag-pismienniczy-gadzet-reklamowy","16":"product_tag-praktyczny-dlugopis-biurowy","17":"product_tag-sku-r73387-06","19":"first","20":"instock","21":"shipping-taxable","22":"purchasable","23":"product-type-simple"},"_links":{"self":[{"href":"https:\/\/pargift.pl\/index.php\/wp-json\/wp\/v2\/product\/29966","targetHints":{"allow":["GET"]}}],"collection":[{"href":"https:\/\/pargift.pl\/index.php\/wp-json\/wp\/v2\/product"}],"about":[{"href":"https:\/\/pargift.pl\/index.php\/wp-json\/wp\/v2\/types\/product"}],"replies":[{"embeddable":true,"href":"https:\/\/pargift.pl\/index.php\/wp-json\/wp\/v2\/comments?post=29966"}],"version-history":[{"count":2,"href":"https:\/\/pargift.pl\/index.php\/wp-json\/wp\/v2\/product\/29966\/revisions"}],"predecessor-version":[{"id":39133,"href":"https:\/\/pargift.pl\/index.php\/wp-json\/wp\/v2\/product\/29966\/revisions\/39133"}],"wp:featuredmedia":[{"embeddable":true,"href":"https:\/\/pargift.pl\/index.php\/wp-json\/wp\/v2\/media\/29967"}],"wp:attachment":[{"href":"https:\/\/pargift.pl\/index.php\/wp-json\/wp\/v2\/media?parent=29966"}],"wp:term":[{"taxonomy":"product_brand","embeddable":true,"href":"https:\/\/pargift.pl\/index.php\/wp-json\/wp\/v2\/product_brand?post=29966"},{"taxonomy":"product_cat","embeddable":true,"href":"https:\/\/pargift.pl\/index.php\/wp-json\/wp\/v2\/product_cat?post=29966"},{"taxonomy":"product_tag","embeddable":true,"href":"https:\/\/pargift.pl\/index.php\/wp-json\/wp\/v2\/product_tag?post=29966"}],"curies":[{"name":"wp","href":"https:\/\/api.w.org\/{rel}","templated":true}]}}