{"id":29263,"date":"2025-12-07T19:35:32","date_gmt":"2025-12-07T19:35:32","guid":{"rendered":"https:\/\/pargift.pl\/index.php\/produkt\/teczka-a4-taormina-czarny-2\/"},"modified":"2026-02-10T17:29:00","modified_gmt":"2026-02-10T17:29:00","slug":"teczka-a4-taormina-czarny-2","status":"publish","type":"product","link":"https:\/\/pargift.pl\/index.php\/produkt\/teczka-a4-taormina-czarny-2\/","title":{"rendered":"Teczka A4 Taormina, czarny"},"content":{"rendered":"<p>Wykonana z ekosk\u00f3ry, czarna teczka wyposa\u017cona w kieszonk\u0119 na wizyt\u00f3wki &#8211; mie\u015bci 20 wizyt\u00f3wek, przegr\u00f3dk\u0119 na dokumenty oraz wk\u0142ad papierowy A4(20 kartek). Kartka w lini\u0119. D\u0142ugopis nie jest do\u0142\u0105czony.<\/p>\n","protected":false},"excerpt":{"rendered":"<p>biuro zamykana na zatrzask spotkanie biznes konferencja szkolenie elegancka szykowna biuro biurowy do biura gad\u017cety biurowe impreza imprezowy eventowy koncert delegacja podr\u00f3\u017c s\u0142u\u017cbowa wyjazd s\u0142u\u017cbowy wyjazd biznesowy gad\u017cety biznesowe<\/p>\n","protected":false},"featured_media":29264,"comment_status":"open","ping_status":"closed","template":"","meta":[],"product_brand":[],"product_cat":[108,109,110],"product_tag":[],"class_list":{"0":"post-29263","1":"product","2":"type-product","3":"status-publish","4":"has-post-thumbnail","6":"product_cat-teczki-konferencyjne","7":"product_cat-upominiki-ze-skory-i-ekoskory","8":"product_cat-zorganizuj-sie","10":"first","11":"instock","12":"shipping-taxable","13":"purchasable","14":"product-type-simple"},"_links":{"self":[{"href":"https:\/\/pargift.pl\/index.php\/wp-json\/wp\/v2\/product\/29263","targetHints":{"allow":["GET"]}}],"collection":[{"href":"https:\/\/pargift.pl\/index.php\/wp-json\/wp\/v2\/product"}],"about":[{"href":"https:\/\/pargift.pl\/index.php\/wp-json\/wp\/v2\/types\/product"}],"replies":[{"embeddable":true,"href":"https:\/\/pargift.pl\/index.php\/wp-json\/wp\/v2\/comments?post=29263"}],"version-history":[{"count":0,"href":"https:\/\/pargift.pl\/index.php\/wp-json\/wp\/v2\/product\/29263\/revisions"}],"wp:featuredmedia":[{"embeddable":true,"href":"https:\/\/pargift.pl\/index.php\/wp-json\/wp\/v2\/media\/29264"}],"wp:attachment":[{"href":"https:\/\/pargift.pl\/index.php\/wp-json\/wp\/v2\/media?parent=29263"}],"wp:term":[{"taxonomy":"product_brand","embeddable":true,"href":"https:\/\/pargift.pl\/index.php\/wp-json\/wp\/v2\/product_brand?post=29263"},{"taxonomy":"product_cat","embeddable":true,"href":"https:\/\/pargift.pl\/index.php\/wp-json\/wp\/v2\/product_cat?post=29263"},{"taxonomy":"product_tag","embeddable":true,"href":"https:\/\/pargift.pl\/index.php\/wp-json\/wp\/v2\/product_tag?post=29263"}],"curies":[{"name":"wp","href":"https:\/\/api.w.org\/{rel}","templated":true}]}}