{"id":29140,"date":"2025-12-07T19:35:11","date_gmt":"2025-12-07T19:35:11","guid":{"rendered":"https:\/\/pargift.pl\/index.php\/produkt\/zestaw-do-wina-z-szachami-sublime-brazowy-druga-jakosc\/"},"modified":"2026-02-10T17:28:59","modified_gmt":"2026-02-10T17:28:59","slug":"zestaw-do-wina-z-szachami-sublime-brazowy-druga-jakosc","status":"publish","type":"product","link":"https:\/\/pargift.pl\/index.php\/produkt\/zestaw-do-wina-z-szachami-sublime-brazowy-druga-jakosc\/","title":{"rendered":"Zestaw do wina z szachami Sublime, br\u0105zowy &#8211; druga jako\u015b\u0107"},"content":{"rendered":"<p>Oryginalny zestaw sk\u0142adaj\u0105cy si\u0119 z szach\u00f3w oraz akcesori\u00f3w do wina. Wykonany z metalu i MDF. Figury szachowe wykonane s\u0105 z plastiku. Na akcesoria do wina sk\u0142adaj\u0105 si\u0119: n\u00f3\u017c kelnerski, okapnik, zatyczka oraz termometr.<\/p>\n","protected":false},"excerpt":{"rendered":"<p>wino prezent elegancki winiarnia restaurcja domu 2019 szachy R22552.A gad\u017cety VIP premium elegancki ekskluzywny nadruk UV nadruk full color UV full color nadrukuv impreza imprezowy eventowy koncert dzie\u0144 babci mail_47<\/p>\n","protected":false},"featured_media":29141,"comment_status":"open","ping_status":"closed","template":"","meta":[],"product_brand":[],"product_cat":[99,86,98,96],"product_tag":[],"class_list":{"0":"post-29140","1":"product","2":"type-product","3":"status-publish","4":"has-post-thumbnail","6":"product_cat-do-wina-i-whisky","7":"product_cat-gadzety-klasy-premium","8":"product_cat-gastronomia","9":"product_cat-zestawy-do-wina","11":"first","12":"instock","13":"shipping-taxable","14":"purchasable","15":"product-type-simple"},"_links":{"self":[{"href":"https:\/\/pargift.pl\/index.php\/wp-json\/wp\/v2\/product\/29140","targetHints":{"allow":["GET"]}}],"collection":[{"href":"https:\/\/pargift.pl\/index.php\/wp-json\/wp\/v2\/product"}],"about":[{"href":"https:\/\/pargift.pl\/index.php\/wp-json\/wp\/v2\/types\/product"}],"replies":[{"embeddable":true,"href":"https:\/\/pargift.pl\/index.php\/wp-json\/wp\/v2\/comments?post=29140"}],"version-history":[{"count":0,"href":"https:\/\/pargift.pl\/index.php\/wp-json\/wp\/v2\/product\/29140\/revisions"}],"wp:featuredmedia":[{"embeddable":true,"href":"https:\/\/pargift.pl\/index.php\/wp-json\/wp\/v2\/media\/29141"}],"wp:attachment":[{"href":"https:\/\/pargift.pl\/index.php\/wp-json\/wp\/v2\/media?parent=29140"}],"wp:term":[{"taxonomy":"product_brand","embeddable":true,"href":"https:\/\/pargift.pl\/index.php\/wp-json\/wp\/v2\/product_brand?post=29140"},{"taxonomy":"product_cat","embeddable":true,"href":"https:\/\/pargift.pl\/index.php\/wp-json\/wp\/v2\/product_cat?post=29140"},{"taxonomy":"product_tag","embeddable":true,"href":"https:\/\/pargift.pl\/index.php\/wp-json\/wp\/v2\/product_tag?post=29140"}],"curies":[{"name":"wp","href":"https:\/\/api.w.org\/{rel}","templated":true}]}}