{"id":29124,"date":"2025-12-07T19:35:08","date_gmt":"2025-12-07T19:35:08","guid":{"rendered":"https:\/\/pargift.pl\/index.php\/produkt\/zestaw-do-wina-double-decker-brazowy-druga-jakosc\/"},"modified":"2026-02-10T17:28:59","modified_gmt":"2026-02-10T17:28:59","slug":"zestaw-do-wina-double-decker-brazowy-druga-jakosc","status":"publish","type":"product","link":"https:\/\/pargift.pl\/index.php\/produkt\/zestaw-do-wina-double-decker-brazowy-druga-jakosc\/","title":{"rendered":"Zestaw do wina Double Decker, br\u0105zowy &#8211; druga jako\u015b\u0107"},"content":{"rendered":"<p>Pomys\u0142owo zaprojektowany dwuszufladowy zestaw do wina. Sk\u0142ada si\u0119 z aluminiowego otwieracza, obcinaka do folii, nalewaka z zatyczk\u0105, dw\u00f3ch zatyczek, okapnika, zapasowej ko\u0144c\u00f3wki do otwieracza i termometru.<\/p>\n","protected":false},"excerpt":{"rendered":"<p>wino prezent elegancki winiarnia restaurcja domu gad\u017cety VIP premium elegancki ekskluzywny nadruk UV nadruk full color UV full color nadrukuv impreza imprezowy eventowy koncert dzie\u0144 babci mail_47<\/p>\n","protected":false},"featured_media":29125,"comment_status":"open","ping_status":"closed","template":"","meta":[],"product_brand":[],"product_cat":[97,99,86,96],"product_tag":[],"class_list":{"0":"post-29124","1":"product","2":"type-product","3":"status-publish","4":"has-post-thumbnail","6":"product_cat-artykuly-swiateczne","7":"product_cat-do-wina-i-whisky","8":"product_cat-gadzety-klasy-premium","9":"product_cat-zestawy-do-wina","11":"first","12":"instock","13":"shipping-taxable","14":"purchasable","15":"product-type-simple"},"_links":{"self":[{"href":"https:\/\/pargift.pl\/index.php\/wp-json\/wp\/v2\/product\/29124","targetHints":{"allow":["GET"]}}],"collection":[{"href":"https:\/\/pargift.pl\/index.php\/wp-json\/wp\/v2\/product"}],"about":[{"href":"https:\/\/pargift.pl\/index.php\/wp-json\/wp\/v2\/types\/product"}],"replies":[{"embeddable":true,"href":"https:\/\/pargift.pl\/index.php\/wp-json\/wp\/v2\/comments?post=29124"}],"version-history":[{"count":0,"href":"https:\/\/pargift.pl\/index.php\/wp-json\/wp\/v2\/product\/29124\/revisions"}],"wp:featuredmedia":[{"embeddable":true,"href":"https:\/\/pargift.pl\/index.php\/wp-json\/wp\/v2\/media\/29125"}],"wp:attachment":[{"href":"https:\/\/pargift.pl\/index.php\/wp-json\/wp\/v2\/media?parent=29124"}],"wp:term":[{"taxonomy":"product_brand","embeddable":true,"href":"https:\/\/pargift.pl\/index.php\/wp-json\/wp\/v2\/product_brand?post=29124"},{"taxonomy":"product_cat","embeddable":true,"href":"https:\/\/pargift.pl\/index.php\/wp-json\/wp\/v2\/product_cat?post=29124"},{"taxonomy":"product_tag","embeddable":true,"href":"https:\/\/pargift.pl\/index.php\/wp-json\/wp\/v2\/product_tag?post=29124"}],"curies":[{"name":"wp","href":"https:\/\/api.w.org\/{rel}","templated":true}]}}